{"id":1024,"date":"2015-04-13T20:42:39","date_gmt":"2015-04-13T18:42:39","guid":{"rendered":"http:\/\/www.krysztofiak.studio\/?page_id=1024"},"modified":"2026-04-18T20:06:14","modified_gmt":"2026-04-18T18:06:14","slug":"kontakt","status":"publish","type":"page","link":"https:\/\/www.krysztofiak.studio\/pl\/kontakt\/","title":{"rendered":"Kontakt"},"content":{"rendered":"<div class=\"et_pb_section_0 et_pb_section et_section_regular et_flex_section et_pb_section_parallax\"><span class=\"et-pb-parallax-wrapper\"><span class=\"et-pb-parallax-background et-pb-parallax-background-module--divi-section-0\" style=\"background-image:url(https:\/\/www.krysztofiak.studio\/wp-content\/uploads\/2026\/04\/TLO-liscie-i-kwiaty-scaled.webp);background-color:var(--gcid-heading-color);background-blend-mode:multiply\"><\/span><\/span>\n<div class=\"et_pb_row_0 et_pb_row et_flex_row\">\n<div class=\"et_pb_column_0 et_pb_column et-last-child et_flex_column et_pb_css_mix_blend_mode_passthrough et_flex_column_24_24 et_flex_column_24_24_tablet et_flex_column_24_24_phone et_flex_column_24_24_phoneWide et_flex_column_24_24_tabletWide et_flex_column_24_24_widescreen et_flex_column_24_24_ultraWide\">\n<div class=\"et_pb_text_0 et_pb_text et_pb_bg_layout_light et_pb_module et_flex_module\"><div class=\"et_pb_text_inner\"><h1>Porozmawiajmy o Twojej marce<\/h1>\n<\/div><\/div>\n\n<div class=\"et_pb_text_1 et_pb_text et_pb_bg_layout_light et_pb_module et_flex_module\"><div class=\"et_pb_text_inner\"><h2>Opowiedz nam, na jakim etapie jeste\u015b, czego dzi\u015b potrzebuje Twoja marka i gdzie zmierzasz. Odezwiemy si\u0119 do Ciebie\u00a0 i zaproponujemy kolejne kroki.<\/h2>\n<\/div><\/div>\n<\/div>\n<\/div>\n\n\n<\/div>","protected":false},"excerpt":{"rendered":"","protected":false},"author":1,"featured_media":4376,"parent":0,"menu_order":16,"comment_status":"open","ping_status":"open","template":"","meta":{"prwc_products":"","prwc_not_all_products_required":false,"prwc_not_bought_page":"","prwc_redirect_not_bought":false,"prwc_not_logged_in_page":"","prwc_redirect_not_logged_in":false,"prwc_timeout_days":0,"prwc_timeout_hours":0,"prwc_timeout_minutes":0,"prwc_timeout_seconds":0,"prwc_timeout_views":0,"footnotes":""},"class_list":["post-1024","page","type-page","status-publish","has-post-thumbnail","hentry"],"_links":{"self":[{"href":"https:\/\/www.krysztofiak.studio\/pl\/wp-json\/wp\/v2\/pages\/1024","targetHints":{"allow":["GET"]}}],"collection":[{"href":"https:\/\/www.krysztofiak.studio\/pl\/wp-json\/wp\/v2\/pages"}],"about":[{"href":"https:\/\/www.krysztofiak.studio\/pl\/wp-json\/wp\/v2\/types\/page"}],"author":[{"embeddable":true,"href":"https:\/\/www.krysztofiak.studio\/pl\/wp-json\/wp\/v2\/users\/1"}],"replies":[{"embeddable":true,"href":"https:\/\/www.krysztofiak.studio\/pl\/wp-json\/wp\/v2\/comments?post=1024"}],"version-history":[{"count":29,"href":"https:\/\/www.krysztofiak.studio\/pl\/wp-json\/wp\/v2\/pages\/1024\/revisions"}],"predecessor-version":[{"id":17191,"href":"https:\/\/www.krysztofiak.studio\/pl\/wp-json\/wp\/v2\/pages\/1024\/revisions\/17191"}],"wp:featuredmedia":[{"embeddable":true,"href":"https:\/\/www.krysztofiak.studio\/pl\/wp-json\/wp\/v2\/media\/4376"}],"wp:attachment":[{"href":"https:\/\/www.krysztofiak.studio\/pl\/wp-json\/wp\/v2\/media?parent=1024"}],"curies":[{"name":"wp","href":"https:\/\/api.w.org\/{rel}","templated":true}]}}