{"id":15723,"date":"2025-12-11T14:21:01","date_gmt":"2025-12-11T13:21:06","guid":{"rendered":"https:\/\/www.krysztofiak.studio\/?page_id=15723"},"modified":"2026-05-08T11:48:08","modified_gmt":"2026-05-08T09:48:08","slug":"strefa-projektantek","status":"publish","type":"page","link":"https:\/\/www.krysztofiak.studio\/pl\/strefa-projektantek\/","title":{"rendered":"Strefa projektantki"},"content":{"rendered":"<div class=\"et_pb_section_0 et_pb_section et_section_regular et_flex_section\">\n<div class=\"et_pb_row_0 et_pb_row et_flex_row\">\n<div class=\"et_pb_column_0 et_pb_column et_flex_column et_pb_css_mix_blend_mode_passthrough et_flex_column_12_24 et_flex_column_12_24_tablet et_flex_column_24_24_phone et_flex_column_24_24_phoneWide et_flex_column_12_24_tabletWide et_flex_column_12_24_widescreen et_flex_column_12_24_ultraWide\">\n<div class=\"et_pb_image_0 et_pb_image et_pb_module et_flex_module\"><span class=\"et_pb_image_wrap\"><img data-recalc-dims=\"1\" loading=\"lazy\" decoding=\"async\" src=\"https:\/\/i0.wp.com\/www.krysztofiak.studio\/wp-content\/uploads\/2026\/04\/sesja-wizerunkowa-brand-design-Pani-Wozna-Poznan-2026-23-of-264-scaled.webp?resize=1080%2C718&#038;ssl=1\" title=\"sesja wizerunkowa brand design Pani Wo\u017ana Pozna\u0144 2026 (23 of 264)\" width=\"1080\" height=\"718\" srcset=\"https:\/\/www.krysztofiak.studio\/wp-content\/uploads\/2026\/04\/sesja-wizerunkowa-brand-design-Pani-Wozna-Poznan-2026-23-of-264-scaled.webp 2560w, https:\/\/www.krysztofiak.studio\/wp-content\/uploads\/2026\/04\/sesja-wizerunkowa-brand-design-Pani-Wozna-Poznan-2026-23-of-264-1280x852.webp 1280w, https:\/\/www.krysztofiak.studio\/wp-content\/uploads\/2026\/04\/sesja-wizerunkowa-brand-design-Pani-Wozna-Poznan-2026-23-of-264-980x652.webp 980w, https:\/\/www.krysztofiak.studio\/wp-content\/uploads\/2026\/04\/sesja-wizerunkowa-brand-design-Pani-Wozna-Poznan-2026-23-of-264-480x319.webp 480w\" sizes=\"(min-width: 0px) and (max-width: 480px) 480px, (min-width: 481px) and (max-width: 980px) 980px, (min-width: 981px) and (max-width: 1280px) 1280px, (min-width: 1281px) 2560px, 100vw\" class=\"wp-image-17133\" \/><\/span><\/div>\n\n<div class=\"et_pb_text_0 et_pb_text et_pb_bg_layout_light et_pb_module et_flex_module\"><\/div>\n\n<div class=\"et_pb_text_1 et_pb_text et_pb_bg_layout_light et_pb_module et_flex_module\"><div class=\"et_pb_text_inner\"><h3><\/h3>\n<h1>Strefa Projektantek<\/h1>\n<p>&nbsp;<\/p>\n<h2>To miejsce w kt\u00f3rym pomagam Brand Designerkom i Projektantkom Stron rozwija\u0107 sw\u00f3j biznes kreatywny.<\/h2>\n<p>&nbsp;<\/p>\n<h3>Artyk\u0142y dotycz\u0105ce kulis prowadzenia pracowni | Mentoring | Zasoby dla Projektantek<\/h3>\n<\/div><\/div>\n<\/div>\n\n<div class=\"et_pb_column_1 et_pb_column et-last-child et_flex_column et_pb_css_mix_blend_mode_passthrough et_flex_column_12_24 et_flex_column_12_24_tablet et_flex_column_24_24_phone et_flex_column_24_24_phoneWide et_flex_column_12_24_tabletWide et_flex_column_12_24_widescreen et_flex_column_12_24_ultraWide\">\n<div class=\"et_pb_divider_0 et_pb_divider et_pb_space et_pb_divider_position_top et_pb_module\"><div class=\"et_pb_divider_internal\"><\/div><\/div>\n<\/div>\n<\/div>\n\n<div class=\"et_pb_row_1 et_pb_row et_flex_row\">\n<div class=\"et_pb_column_2 et_pb_column et-last-child et_flex_column et_pb_css_mix_blend_mode_passthrough et_flex_column_24_24 et_flex_column_24_24_tablet et_flex_column_24_24_phone et_flex_column_24_24_phoneWide et_flex_column_24_24_tabletWide et_flex_column_24_24_widescreen et_flex_column_24_24_ultraWide\">\n<div class=\"et_pb_icon_0 et_pb_icon et_clickable et_pb_module et_flex_module\"><span class=\"et_pb_icon_wrap\"><a href=\"#listy\" target=\"\"><span class=\"et-pb-icon\">3<\/span><\/a><\/span><\/div>\n<\/div>\n<\/div>\n\n\n<\/div>\n\n<div class=\"et_pb_section_1 et_pb_section et_section_regular et_flex_section\">\n<div class=\"et_pb_row_2 et_pb_row et_flex_row\">\n<div class=\"et_pb_column_3 et_pb_column et-last-child et_flex_column et_pb_css_mix_blend_mode_passthrough et_flex_column_24_24 et_flex_column_24_24_tablet et_flex_column_24_24_phone et_flex_column_24_24_phoneWide et_flex_column_24_24_tabletWide et_flex_column_24_24_widescreen et_flex_column_24_24_ultraWide\">\n<div class=\"et_pb_text_2 et_pb_text et_pb_bg_layout_light et_pb_module et_flex_module\"><div class=\"et_pb_text_inner\"><p>SKLEP\u00a0<\/p>\n<\/div><\/div>\n\n<div class=\"et_pb_text_3 et_pb_text et_pb_bg_layout_light et_pb_module et_flex_module\"><div class=\"et_pb_text_inner\"><h2>Zasoby i wsparcie dla Projektantek<\/h2>\n<\/div><\/div>\n<\/div>\n<\/div>\n\n<div class=\"et_pb_row_3 et_pb_row et_flex_row\">\n<div class=\"et_pb_column_4 et_pb_column et-last-child et_grid_column et_pb_css_mix_blend_mode_passthrough et_flex_column_24_24 et_flex_column_24_24_tablet et_flex_column_24_24_phone et_flex_column_24_24_phoneWide et_flex_column_24_24_tabletWide et_flex_column_24_24_widescreen et_flex_column_24_24_ultraWide\"><div class=\"et_pb_group_0 et_pb_group et_pb_module et_flex_group et_pb_css_mix_blend_mode_passthrough et_clickable\" data-loop-item=\"0\">\n<div class=\"et_pb_image_1 et_pb_image et_pb_module et_flex_module\"><a href=\"https:\/\/www.krysztofiak.studio\/pl\/produkt\/pakiet-formularzy-brief-test-osobowosci-marki-ankieta-po-wspolpracy\/\"><span class=\"et_pb_image_wrap\"><img decoding=\"async\" src=\"https:\/\/i0.wp.com\/www.krysztofiak.studio\/wp-content\/uploads\/2026\/05\/Brief-tozsamosc-wizualna-mini.jpg?fit=750%2C500&#038;ssl=1\" \/><\/span><\/a><\/div>\n\n<div class=\"et_pb_text_4 et_pb_text et_pb_bg_layout_light et_clickable et_pb_module et_flex_module\"><div class=\"et_pb_text_inner\"><p>Pakiet formularzy: Brief - Test Osobowo\u015bci Marki - Ankieta po Wsp\u00f3\u0142pracy<\/p>\n<\/div><\/div>\n<\/div><div class=\"et_pb_group_1 et_pb_group et_pb_module et_flex_group et_pb_css_mix_blend_mode_passthrough et_clickable\" data-loop-item=\"1\">\n<div class=\"et_pb_image_2 et_pb_image et_pb_module et_flex_module\"><a href=\"https:\/\/www.krysztofiak.studio\/pl\/produkt\/konsultacje-dla-projektantek\/\"><span class=\"et_pb_image_wrap\"><img decoding=\"async\" src=\"https:\/\/i0.wp.com\/www.krysztofiak.studio\/wp-content\/uploads\/2026\/04\/sesja-wizerunkowa-brand-design-Pani-Wozna-Poznan-2026-133-of-264-scaled.webp?fit=2560%2C1709&#038;ssl=1\" \/><\/span><\/a><\/div>\n\n<div class=\"et_pb_text_5 et_pb_text et_pb_bg_layout_light et_clickable et_pb_module et_flex_module\"><div class=\"et_pb_text_inner\"><p>Konsultacje dla Projektantek<\/p>\n<\/div><\/div>\n<\/div><div class=\"et_pb_group_2 et_pb_group et-last-child et_pb_module et_flex_group et_pb_css_mix_blend_mode_passthrough et_clickable\" data-loop-item=\"2\">\n<div class=\"et_pb_image_3 et_pb_image et_pb_module et_flex_module\"><a href=\"https:\/\/www.krysztofiak.studio\/pl\/produkt\/budowanie-wizji-studia-i-zycia-ktora-ma-sens-w-zyciu-i-w-liczbach\/\"><span class=\"et_pb_image_wrap\"><img decoding=\"async\" src=\"https:\/\/i0.wp.com\/www.krysztofiak.studio\/wp-content\/uploads\/2026\/04\/sesja-wizerunkowa-brand-design-Pani-Wozna-Poznan-2026-51-of-264.webp?fit=2048%2C1367&#038;ssl=1\" \/><\/span><\/a><\/div>\n\n<div class=\"et_pb_text_6 et_pb_text et_pb_bg_layout_light et_clickable et_pb_module et_flex_module\"><div class=\"et_pb_text_inner\"><p>Od wizji studia i \u017cycia do wyceny.<\/p>\n<\/div><\/div>\n<\/div><\/div>\n<\/div>\n<\/div>\n\n<div class=\"et_pb_section_2 et_pb_section et_section_regular et_flex_section\" id=\"blog-card-image\">\n<div class=\"et_pb_row_4 et_pb_row et_flex_row\">\n<div class=\"et_pb_column_5 et_pb_column et-last-child et_flex_column et_pb_css_mix_blend_mode_passthrough et_flex_column_24_24 et_flex_column_24_24_tablet et_flex_column_24_24_phone et_flex_column_24_24_phoneWide et_flex_column_24_24_tabletWide et_flex_column_24_24_widescreen et_flex_column_24_24_ultraWide\">\n<div class=\"et_pb_text_7 et_pb_text et_pb_bg_layout_light et_pb_module et_flex_module\"><div class=\"et_pb_text_inner\"><p>artyku\u0142<\/p>\n<\/div><\/div>\n\n<div class=\"et_pb_text_8 et_pb_text et_pb_bg_layout_light et_pb_module et_flex_module\"><div class=\"et_pb_text_inner\"><h2>Rozw\u00f3j studia Brandingowego | Mindset | Kulisy<\/h2>\n<\/div><\/div>\n<\/div>\n<\/div>\n\n<div class=\"et_pb_row_5 et_pb_row et_flex_row\">\n<div class=\"et_pb_column_6 et_pb_column et-last-child et_grid_column et_pb_css_mix_blend_mode_passthrough et_clickable et_flex_column_24_24 et_flex_column_24_24_tablet et_flex_column_24_24_phone et_flex_column_24_24_phoneWide et_flex_column_24_24_tabletWide et_flex_column_24_24_widescreen et_flex_column_24_24_ultraWide\">\n<div class=\"et_pb_group_3 et_pb_group et-last-child et_pb_module et_flex_group et_pb_css_mix_blend_mode_passthrough et_animated et_clickable\" data-loop-item=\"0\">\n<div class=\"et_pb_image_4 et_pb_image et_pb_module et_flex_module blog-card-image\"><span class=\"et_pb_image_wrap\"><img decoding=\"async\" src=\"https:\/\/i0.wp.com\/www.krysztofiak.studio\/wp-content\/uploads\/2026\/05\/czy-na-pewno-jestes-graficzka-zn.jpg?fit=1280%2C720&#038;ssl=1\" title=\"Video Thumbnail: Czy na pewno jeste\u015b graficzk\u0105? Znaczenie Twojej roli w relacji klientem.\" \/><\/span><\/div>\n\n<div class=\"et_pb_row_6 et_pb_row et_pb_row_nested et_flex_row\">\n<div class=\"et_pb_column_7 et_pb_column et_flex_column et_pb_css_mix_blend_mode_passthrough et_flex_column_18_24 et_flex_column_18_24_tablet et_flex_column_24_24_phone et_flex_column_24_24_phoneWide et_flex_column_18_24_tabletWide et_flex_column_18_24_widescreen et_flex_column_18_24_ultraWide\">\n<div class=\"et_pb_text_9 et_pb_text et_pb_bg_layout_light et_pb_module et_flex_module\"><div class=\"et_pb_text_inner\"><p>Czy na pewno mo\u017cesz nazywa\u0107 siebie graficzk\u0105?<\/p>\n<\/div><\/div>\n<\/div>\n\n<div class=\"et_pb_column_8 et_pb_column et-last-child et_flex_column et_pb_css_mix_blend_mode_passthrough et_flex_column_6_24 et_flex_column_6_24_tablet et_flex_column_24_24_phone et_flex_column_24_24_phoneWide et_flex_column_6_24_tabletWide et_flex_column_6_24_widescreen et_flex_column_6_24_ultraWide\">\n<div class=\"et_pb_icon_1 et_pb_icon et_clickable et_pb_module et_flex_module\"><span class=\"et_pb_icon_wrap\"><a href=\"https:\/\/www.krysztofiak.studio\/pl\/strefa-projektantek\/\" target=\"\"><span class=\"et-pb-icon\">$<\/span><\/a><\/span><\/div>\n<\/div>\n<\/div>\n<\/div>\n<\/div>\n<\/div>\n<\/div>\n\n\n\n<div class=\"et_pb_section_3 et_pb_section et_section_regular et_flex_section\">\n<div class=\"et_pb_row_7 et_pb_row et_flex_row\" id=\"listy\">\n<div class=\"et_pb_column_9 et_pb_column et_flex_column et_pb_css_mix_blend_mode_passthrough et_flex_column_12_24 et_flex_column_12_24_tablet et_flex_column_24_24_phone et_flex_column_24_24_phoneWide et_flex_column_12_24_tabletWide et_flex_column_12_24_widescreen et_flex_column_12_24_ultraWide\">\n<div class=\"et_pb_divider_1 et_pb_divider_hidden et_pb_space et_pb_divider_position_top et_pb_module\"><div class=\"et_pb_divider_internal\"><\/div><\/div>\n<\/div>\n\n<div class=\"et_pb_column_10 et_pb_column et-last-child et_flex_column et_pb_css_mix_blend_mode_passthrough et_flex_column_12_24 et_flex_column_12_24_tablet et_flex_column_24_24_phone et_flex_column_24_24_phoneWide et_flex_column_12_24_tabletWide et_flex_column_12_24_widescreen et_flex_column_12_24_ultraWide\">\n<div class=\"et_pb_heading_0 et_pb_heading et_pb_module et_flex_module\"><div class=\"et_pb_heading_container\"><h2 class=\"et_pb_module_header\">Listy z pracowni<\/h2><\/div><\/div>\n\n<div class=\"et_pb_text_10 et_pb_text et_pb_bg_layout_light et_pb_module et_flex_module\"><div class=\"et_pb_text_inner\"><h2><strong>Moj\u0105 misj\u0105 na 2026 rok jest pomoc innym projektantkom w rozwini\u0119ciu biznesowych skrzyde\u0142.<\/strong><\/h2>\n<p><strong><\/strong><\/p>\n<p>Projektuj\u0119 od 2014 roku i przesz\u0142am przez r\u00f3\u017cne etapy zaczynaj\u0105c od projekt\u00f3w za 50 z\u0142 po takie za 20 000 z\u0142.\u00a0 Po drodze du\u017co si\u0119 nauczy\u0142am i wci\u0105\u017c odrabiam kolejne lekcje.<\/p>\n<p>Zapisuj\u0105c si\u0119 na \"Listy z Pracowni\", mo\u017cesz spodziewa\u0107 si\u0119 moich przemy\u015ble\u0144, rad, nauczek i rozterek zwi\u0105zanych z prowadzeniem pracowni projektowej. Bez lukru, szczerze tak jak jest.<\/p>\n<p>Dostaniesz r\u00f3wnie\u017c jako pierwsza wie\u015bci, je\u017celi stworz\u0119 co\u015b, co mo\u017ce u\u0142atwi\u0107 Ci prac\u0119 lub pom\u00f3c rozwin\u0105\u0107 sw\u00f3j biznes. Je\u017celi jeste\u015b projektantk\u0105 lub chcesz si\u0119 ni\u0105 sta\u0107, to w\u0142a\u015bciwe miejsce.<\/p>\n<p>Do zobaczenia w Twojej skrzynce!<\/p>\n<\/div>\n<div class=\"et_pb_code_0 et_pb_code et_pb_module\"><div class=\"et_pb_code_inner\"><getresponse-form form-id=\"7878f23c-b197-487d-8ba6-77eab5792e67\" e=\"0\"><\/getresponse-form><\/div><\/div>\n<\/div>\n<\/div>\n<\/div>\n<\/div>","protected":false},"excerpt":{"rendered":"","protected":false},"author":1,"featured_media":0,"parent":0,"menu_order":5,"comment_status":"closed","ping_status":"closed","template":"","meta":{"footnotes":""},"class_list":["post-15723","page","type-page","status-publish","hentry"],"_links":{"self":[{"href":"https:\/\/www.krysztofiak.studio\/pl\/wp-json\/wp\/v2\/pages\/15723","targetHints":{"allow":["GET"]}}],"collection":[{"href":"https:\/\/www.krysztofiak.studio\/pl\/wp-json\/wp\/v2\/pages"}],"about":[{"href":"https:\/\/www.krysztofiak.studio\/pl\/wp-json\/wp\/v2\/types\/page"}],"author":[{"embeddable":true,"href":"https:\/\/www.krysztofiak.studio\/pl\/wp-json\/wp\/v2\/users\/1"}],"replies":[{"embeddable":true,"href":"https:\/\/www.krysztofiak.studio\/pl\/wp-json\/wp\/v2\/comments?post=15723"}],"version-history":[{"count":48,"href":"https:\/\/www.krysztofiak.studio\/pl\/wp-json\/wp\/v2\/pages\/15723\/revisions"}],"predecessor-version":[{"id":19007,"href":"https:\/\/www.krysztofiak.studio\/pl\/wp-json\/wp\/v2\/pages\/15723\/revisions\/19007"}],"wp:attachment":[{"href":"https:\/\/www.krysztofiak.studio\/pl\/wp-json\/wp\/v2\/media?parent=15723"}],"curies":[{"name":"wp","href":"https:\/\/api.w.org\/{rel}","templated":true}]}}