{"id":16120,"date":"2026-02-20T12:22:16","date_gmt":"2026-02-20T11:22:16","guid":{"rendered":"https:\/\/www.krysztofiak.studio\/koszyk\/"},"modified":"2026-02-20T12:24:59","modified_gmt":"2026-02-20T11:24:59","slug":"koszyk","status":"publish","type":"page","link":"https:\/\/www.krysztofiak.studio\/pl\/sklep\/koszyk\/","title":{"rendered":"Koszyk"},"content":{"rendered":"\n<div data-block-name=\"woocommerce\/cart\" class=\"wp-block-woocommerce-cart alignwide is-loading\">\n<div data-block-name=\"woocommerce\/filled-cart-block\" class=\"wp-block-woocommerce-filled-cart-block\">\n<div data-block-name=\"woocommerce\/cart-items-block\" class=\"wp-block-woocommerce-cart-items-block\">\n<div data-block-name=\"woocommerce\/cart-line-items-block\" class=\"wp-block-woocommerce-cart-line-items-block\"><\/div>\n\n\n<\/div>\n\n\n\n<div data-block-name=\"woocommerce\/cart-totals-block\" class=\"wp-block-woocommerce-cart-totals-block\">\n<div data-block-name=\"woocommerce\/cart-order-summary-block\" class=\"wp-block-woocommerce-cart-order-summary-block\">\n<div data-block-name=\"woocommerce\/cart-order-summary-heading-block\" data-content=\"Podsumowanie koszyka\" class=\"wp-block-woocommerce-cart-order-summary-heading-block\"><\/div>\n\n\n\n<div data-block-name=\"woocommerce\/cart-order-summary-coupon-form-block\" class=\"wp-block-woocommerce-cart-order-summary-coupon-form-block\"><\/div>\n\n\n\n<div data-block-name=\"woocommerce\/cart-order-summary-totals-block\" class=\"wp-block-woocommerce-cart-order-summary-totals-block\">\n<div data-block-name=\"woocommerce\/cart-order-summary-subtotal-block\" class=\"wp-block-woocommerce-cart-order-summary-subtotal-block\"><\/div>\n\n\n\n<div data-block-name=\"woocommerce\/cart-order-summary-fee-block\" class=\"wp-block-woocommerce-cart-order-summary-fee-block\"><\/div>\n\n\n\n<div data-block-name=\"woocommerce\/cart-order-summary-discount-block\" class=\"wp-block-woocommerce-cart-order-summary-discount-block\"><\/div>\n\n\n\n<div data-block-name=\"woocommerce\/cart-order-summary-shipping-block\" class=\"wp-block-woocommerce-cart-order-summary-shipping-block\"><\/div>\n\n\n\n<div data-block-name=\"woocommerce\/cart-order-summary-taxes-block\" class=\"wp-block-woocommerce-cart-order-summary-taxes-block\"><\/div>\n<\/div>\n<\/div>\n\n\n\n<div data-block-name=\"woocommerce\/cart-express-payment-block\" class=\"wp-block-woocommerce-cart-express-payment-block\"><\/div>\n\n\n\n<div data-block-name=\"woocommerce\/proceed-to-checkout-block\" class=\"wp-block-woocommerce-proceed-to-checkout-block\"><\/div>\n\n\n\n<div data-block-name=\"woocommerce\/cart-accepted-payment-methods-block\" class=\"wp-block-woocommerce-cart-accepted-payment-methods-block\"><\/div>\n<\/div>\n<\/div>\n\n\n\n<div data-block-name=\"woocommerce\/empty-cart-block\" class=\"wp-block-woocommerce-empty-cart-block\">\n<h2 class=\"wp-block-heading has-text-align-center with-empty-cart-icon wc-block-cart__empty-cart__title\">Tw\u00f3j koszyk jest obecnie pusty!<\/h2>\n\n\n\n<hr class=\"wp-block-separator has-alpha-channel-opacity is-style-dots\"\/>\n\n\n\n<h2 class=\"wp-block-heading has-text-align-center\">Nowe w sklepie<\/h2>\n\n\n<div data-block-name=\"woocommerce\/product-new\" data-columns=\"4\" data-rows=\"1\" class=\"wc-block-grid wp-block-product-new wp-block-woocommerce-product-new wc-block-product-new has-4-columns\"><ul class=\"wc-block-grid__products\"><li class=\"wc-block-grid__product\">\n\t\t\t\t<a href=\"https:\/\/www.krysztofiak.studio\/pl\/produkt\/pakiet-formularzy-brief-test-osobowosci-marki-ankieta-po-wspolpracy\/\" class=\"wc-block-grid__product-link\">\n\t\t\t\t\t\n\t\t\t\t\t<div class=\"wc-block-grid__product-image\"><img loading=\"lazy\" decoding=\"async\" width=\"400\" height=\"400\" src=\"https:\/\/i0.wp.com\/www.krysztofiak.studio\/wp-content\/uploads\/2026\/05\/Brief-tozsamosc-wizualna-mini.jpg?resize=400%2C400&amp;ssl=1\" class=\"attachment-woocommerce_thumbnail size-woocommerce_thumbnail\" alt=\"Pakiet formularzy: Brief - Test Osobowo\u015bci Marki - Ankieta po Wsp\u00f3\u0142pracy\" srcset=\"https:\/\/i0.wp.com\/www.krysztofiak.studio\/wp-content\/uploads\/2026\/05\/Brief-tozsamosc-wizualna-mini.jpg?resize=400%2C400&amp;ssl=1 400w, https:\/\/i0.wp.com\/www.krysztofiak.studio\/wp-content\/uploads\/2026\/05\/Brief-tozsamosc-wizualna-mini.jpg?resize=100%2C100&amp;ssl=1 100w\" sizes=\"(max-width: 400px) 100vw, 400px\" \/><\/div>\n\t\t\t\t\t<div class=\"wc-block-grid__product-title\">Pakiet formularzy: Brief - Test Osobowo\u015bci Marki - Ankieta po Wsp\u00f3\u0142pracy<\/div>\n\t\t\t\t<\/a>\n\t\t\t\t<div class=\"wc-block-grid__product-price price\"><span class=\"woocommerce-Price-amount amount\">299,00&nbsp;<span class=\"woocommerce-Price-currencySymbol\">&#122;&#322;<\/span><\/span> <small class=\"woocommerce-price-suffix\">z VAT<\/small><\/div>\n\t\t\t\t\n\t\t\t\t<div class=\"wp-block-button wc-block-grid__product-add-to-cart\"><a href=\"\/pl\/wp-json\/wp\/v2\/pages\/16120?add-to-cart=18835\" aria-label=\"Dodaj do koszyka: &bdquo;Pakiet formularzy: Brief - Test Osobowo\u015bci Marki - Ankieta po Wsp\u00f3\u0142pracy&rdquo;\" data-quantity=\"1\" data-product_id=\"18835\" data-product_sku=\"\" data-price=\"299\" rel=\"nofollow\" class=\"wp-block-button__link  add_to_cart_button ajax_add_to_cart\">Dodaj do koszyka<\/a><\/div>\n\t\t\t<\/li><li class=\"wc-block-grid__product\">\n\t\t\t\t<a href=\"https:\/\/www.krysztofiak.studio\/pl\/produkt\/konsultacje-dla-projektantek\/\" class=\"wc-block-grid__product-link\">\n\t\t\t\t\t\n\t\t\t\t\t<div class=\"wc-block-grid__product-image\"><img loading=\"lazy\" decoding=\"async\" width=\"400\" height=\"400\" src=\"https:\/\/i0.wp.com\/www.krysztofiak.studio\/wp-content\/uploads\/2026\/04\/sesja-wizerunkowa-brand-design-Pani-Wozna-Poznan-2026-133-of-264-scaled.webp?resize=400%2C400&amp;ssl=1\" class=\"attachment-woocommerce_thumbnail size-woocommerce_thumbnail\" alt=\"Konsultacje dla Projektantek\" srcset=\"https:\/\/i0.wp.com\/www.krysztofiak.studio\/wp-content\/uploads\/2026\/04\/sesja-wizerunkowa-brand-design-Pani-Wozna-Poznan-2026-133-of-264-scaled.webp?resize=550%2C550&amp;ssl=1 550w, https:\/\/i0.wp.com\/www.krysztofiak.studio\/wp-content\/uploads\/2026\/04\/sesja-wizerunkowa-brand-design-Pani-Wozna-Poznan-2026-133-of-264-scaled.webp?resize=400%2C400&amp;ssl=1 400w, https:\/\/i0.wp.com\/www.krysztofiak.studio\/wp-content\/uploads\/2026\/04\/sesja-wizerunkowa-brand-design-Pani-Wozna-Poznan-2026-133-of-264-scaled.webp?resize=100%2C100&amp;ssl=1 100w, https:\/\/i0.wp.com\/www.krysztofiak.studio\/wp-content\/uploads\/2026\/04\/sesja-wizerunkowa-brand-design-Pani-Wozna-Poznan-2026-133-of-264-scaled.webp?zoom=2&amp;resize=400%2C400&amp;ssl=1 800w, https:\/\/i0.wp.com\/www.krysztofiak.studio\/wp-content\/uploads\/2026\/04\/sesja-wizerunkowa-brand-design-Pani-Wozna-Poznan-2026-133-of-264-scaled.webp?zoom=3&amp;resize=400%2C400&amp;ssl=1 1200w\" sizes=\"(max-width: 400px) 100vw, 400px\" \/><\/div>\n\t\t\t\t\t<div class=\"wc-block-grid__product-title\">Konsultacje dla Projektantek<\/div>\n\t\t\t\t<\/a>\n\t\t\t\t<div class=\"wc-block-grid__product-price price\"><span class=\"woocommerce-Price-amount amount\" aria-hidden=\"true\">650,00&nbsp;<span class=\"woocommerce-Price-currencySymbol\">&#122;&#322;<\/span><\/span> <span aria-hidden=\"true\">&ndash;<\/span> <span class=\"woocommerce-Price-amount amount\" aria-hidden=\"true\">2 500,00&nbsp;<span class=\"woocommerce-Price-currencySymbol\">&#122;&#322;<\/span><\/span><span class=\"screen-reader-text\">Zakres cen: od 650,00&nbsp;&#122;&#322; do 2 500,00&nbsp;&#122;&#322;<\/span> <small class=\"woocommerce-price-suffix\">z VAT<\/small><\/div>\n\t\t\t\t\n\t\t\t\t<div class=\"wp-block-button wc-block-grid__product-add-to-cart\"><a href=\"https:\/\/www.krysztofiak.studio\/pl\/produkt\/konsultacje-dla-projektantek\/\" aria-label=\"Wybierz opcje dla &bdquo;Konsultacje dla Projektantek&rdquo;\" data-quantity=\"1\" data-product_id=\"18810\" data-product_sku=\"\" data-price=\"650\" rel=\"nofollow\" class=\"wp-block-button__link  add_to_cart_button\">Wybierz opcje<\/a><\/div>\n\t\t\t<\/li><li class=\"wc-block-grid__product\">\n\t\t\t\t<a href=\"https:\/\/www.krysztofiak.studio\/pl\/produkt\/budowanie-wizji-studia-i-zycia-ktora-ma-sens-w-zyciu-i-w-liczbach\/\" class=\"wc-block-grid__product-link\">\n\t\t\t\t\t\n\t\t\t\t\t<div class=\"wc-block-grid__product-image\"><img loading=\"lazy\" decoding=\"async\" width=\"400\" height=\"400\" src=\"https:\/\/i0.wp.com\/www.krysztofiak.studio\/wp-content\/uploads\/2026\/04\/sesja-wizerunkowa-brand-design-Pani-Wozna-Poznan-2026-51-of-264.webp?resize=400%2C400&amp;ssl=1\" class=\"attachment-woocommerce_thumbnail size-woocommerce_thumbnail\" alt=\"Od wizji studia i \u017cycia do wyceny.\" srcset=\"https:\/\/i0.wp.com\/www.krysztofiak.studio\/wp-content\/uploads\/2026\/04\/sesja-wizerunkowa-brand-design-Pani-Wozna-Poznan-2026-51-of-264.webp?resize=550%2C550&amp;ssl=1 550w, https:\/\/i0.wp.com\/www.krysztofiak.studio\/wp-content\/uploads\/2026\/04\/sesja-wizerunkowa-brand-design-Pani-Wozna-Poznan-2026-51-of-264.webp?resize=400%2C400&amp;ssl=1 400w, https:\/\/i0.wp.com\/www.krysztofiak.studio\/wp-content\/uploads\/2026\/04\/sesja-wizerunkowa-brand-design-Pani-Wozna-Poznan-2026-51-of-264.webp?resize=100%2C100&amp;ssl=1 100w, https:\/\/i0.wp.com\/www.krysztofiak.studio\/wp-content\/uploads\/2026\/04\/sesja-wizerunkowa-brand-design-Pani-Wozna-Poznan-2026-51-of-264.webp?zoom=2&amp;resize=400%2C400&amp;ssl=1 800w, https:\/\/i0.wp.com\/www.krysztofiak.studio\/wp-content\/uploads\/2026\/04\/sesja-wizerunkowa-brand-design-Pani-Wozna-Poznan-2026-51-of-264.webp?zoom=3&amp;resize=400%2C400&amp;ssl=1 1200w\" sizes=\"(max-width: 400px) 100vw, 400px\" \/><\/div>\n\t\t\t\t\t<div class=\"wc-block-grid__product-title\">Od wizji studia i \u017cycia do wyceny.<\/div>\n\t\t\t\t<\/a>\n\t\t\t\t<div class=\"wc-block-grid__product-price price\"><span class=\"woocommerce-Price-amount amount\">499,00&nbsp;<span class=\"woocommerce-Price-currencySymbol\">&#122;&#322;<\/span><\/span> <small class=\"woocommerce-price-suffix\">z VAT<\/small><\/div>\n\t\t\t\t\n\t\t\t\t<div class=\"wp-block-button wc-block-grid__product-add-to-cart\"><a href=\"\/pl\/wp-json\/wp\/v2\/pages\/16120?add-to-cart=16110\" aria-label=\"Dodaj do koszyka: &bdquo;Od wizji studia i \u017cycia do wyceny.&rdquo;\" data-quantity=\"1\" data-product_id=\"16110\" data-product_sku=\"\" data-price=\"499\" rel=\"nofollow\" class=\"wp-block-button__link  add_to_cart_button ajax_add_to_cart\">Dodaj do koszyka<\/a><\/div>\n\t\t\t<\/li><\/ul><\/div><\/div>\n<\/div>\n","protected":false},"excerpt":{"rendered":"","protected":false},"author":1,"featured_media":0,"parent":16119,"menu_order":2,"comment_status":"closed","ping_status":"closed","template":"","meta":{"footnotes":""},"class_list":["post-16120","page","type-page","status-publish","hentry"],"_links":{"self":[{"href":"https:\/\/www.krysztofiak.studio\/pl\/wp-json\/wp\/v2\/pages\/16120","targetHints":{"allow":["GET"]}}],"collection":[{"href":"https:\/\/www.krysztofiak.studio\/pl\/wp-json\/wp\/v2\/pages"}],"about":[{"href":"https:\/\/www.krysztofiak.studio\/pl\/wp-json\/wp\/v2\/types\/page"}],"author":[{"embeddable":true,"href":"https:\/\/www.krysztofiak.studio\/pl\/wp-json\/wp\/v2\/users\/1"}],"replies":[{"embeddable":true,"href":"https:\/\/www.krysztofiak.studio\/pl\/wp-json\/wp\/v2\/comments?post=16120"}],"version-history":[{"count":1,"href":"https:\/\/www.krysztofiak.studio\/pl\/wp-json\/wp\/v2\/pages\/16120\/revisions"}],"predecessor-version":[{"id":16124,"href":"https:\/\/www.krysztofiak.studio\/pl\/wp-json\/wp\/v2\/pages\/16120\/revisions\/16124"}],"up":[{"embeddable":true,"href":"https:\/\/www.krysztofiak.studio\/pl\/wp-json\/wp\/v2\/pages\/16119"}],"wp:attachment":[{"href":"https:\/\/www.krysztofiak.studio\/pl\/wp-json\/wp\/v2\/media?parent=16120"}],"curies":[{"name":"wp","href":"https:\/\/api.w.org\/{rel}","templated":true}]}}