{"id":7044,"date":"2016-12-13T18:11:51","date_gmt":"2016-12-13T17:11:40","guid":{"rendered":"http:\/\/www.krysztofiak.studio\/?page_id=7044"},"modified":"2026-04-22T19:21:36","modified_gmt":"2026-04-22T17:21:36","slug":"artykuly","status":"publish","type":"page","link":"https:\/\/www.krysztofiak.studio\/pl\/strona-glowna\/artykuly\/","title":{"rendered":"Artyku\u0142y"},"content":{"rendered":"<div class=\"et_pb_section_0 et_pb_section et_section_regular et_flex_section\">\n<div class=\"et_pb_row_0 et_pb_row et_flex_row\">\n<div class=\"et_pb_column_0 et_pb_column et-last-child et_flex_column et_pb_css_mix_blend_mode_passthrough et_flex_column_24_24 et_flex_column_24_24_tablet et_flex_column_24_24_phone et_flex_column_24_24_phoneWide et_flex_column_24_24_tabletWide et_flex_column_24_24_widescreen et_flex_column_24_24_ultraWide\">\n<div class=\"et_pb_text_0 et_pb_text et_pb_bg_layout_light et_pb_module et_flex_module\"><div class=\"et_pb_text_inner\"><h1>artyku\u0142y<\/h1>\n<\/div><\/div>\n\n<div class=\"et_pb_text_1 et_pb_text et_pb_bg_layout_light et_pb_module et_flex_module\"><div class=\"et_pb_text_inner\"><h2>Budowanie Marki \/ Meaningful Branding \/ Kulisy Pracowni Marki<\/h2>\n<\/div><\/div>\n<\/div>\n<\/div>\n<\/div>\n\n<div class=\"et_pb_section_1 et_pb_section et_section_regular et_flex_section\">\n<div class=\"et_pb_row_1 et_pb_row et_flex_row\">\n<div class=\"et_pb_column_1 et_pb_column et-last-child et_grid_column et_pb_css_mix_blend_mode_passthrough et_clickable et_flex_column_24_24 et_flex_column_24_24_tablet et_flex_column_24_24_phone et_flex_column_24_24_phoneWide et_flex_column_24_24_tabletWide et_flex_column_24_24_widescreen et_flex_column_24_24_ultraWide\"><div class=\"et_pb_group_0 et_pb_group et_pb_module et_flex_group et_pb_css_mix_blend_mode_passthrough et_animated et_clickable\" data-loop-item=\"0\">\n<div class=\"et_pb_image_0 et_pb_image et_pb_module et_flex_module\"><span class=\"et_pb_image_wrap\"><img loading=\"lazy\" decoding=\"async\" src=\"https:\/\/www.krysztofiak.studio\/wp-content\/uploads\/2026\/04\/event-fotograficzny-spotkanie-dla-kobiet-warsztaty-rozwojowe-Mozna-inaczej-Pani-Wozna-Fotografia-2025-7-of-145.webp\" title=\"Event fotograficzny rozwojowy dla kobiet Mo\u017cna inaczej Pani Wo\" width=\"1400\" height=\"1040\" srcset=\"https:\/\/www.krysztofiak.studio\/wp-content\/uploads\/2026\/04\/event-fotograficzny-spotkanie-dla-kobiet-warsztaty-rozwojowe-Mozna-inaczej-Pani-Wozna-Fotografia-2025-7-of-145.webp 1400w, https:\/\/www.krysztofiak.studio\/wp-content\/uploads\/2026\/04\/event-fotograficzny-spotkanie-dla-kobiet-warsztaty-rozwojowe-Mozna-inaczej-Pani-Wozna-Fotografia-2025-7-of-145-1280x951.webp 1280w, https:\/\/www.krysztofiak.studio\/wp-content\/uploads\/2026\/04\/event-fotograficzny-spotkanie-dla-kobiet-warsztaty-rozwojowe-Mozna-inaczej-Pani-Wozna-Fotografia-2025-7-of-145-980x728.webp 980w, https:\/\/www.krysztofiak.studio\/wp-content\/uploads\/2026\/04\/event-fotograficzny-spotkanie-dla-kobiet-warsztaty-rozwojowe-Mozna-inaczej-Pani-Wozna-Fotografia-2025-7-of-145-480x357.webp 480w\" sizes=\"(min-width: 0px) and (max-width: 480px) 480px, (min-width: 481px) and (max-width: 980px) 980px, (min-width: 981px) and (max-width: 1280px) 1280px, (min-width: 1281px) 1400px, 100vw\" class=\"wp-image-18079\" \/><\/span><\/div>\n\n<div class=\"et_pb_row_2 et_pb_row et_pb_row_nested et_flex_row\">\n<div class=\"et_pb_column_2 et_pb_column et_flex_column et_pb_css_mix_blend_mode_passthrough et_flex_column_18_24 et_flex_column_18_24_tablet et_flex_column_24_24_phone et_flex_column_24_24_phoneWide et_flex_column_18_24_tabletWide et_flex_column_18_24_widescreen et_flex_column_18_24_ultraWide\">\n<div class=\"et_pb_text_2 et_pb_text et_pb_bg_layout_light et_pb_module et_flex_module\"><div class=\"et_pb_text_inner\"><p>Oprawa wizualna wydarzenia \u201eMo\u017cna inaczej\u201d - Case Study<\/p>\n<\/div><\/div>\n<\/div>\n\n<div class=\"et_pb_column_3 et_pb_column et-last-child et_flex_column et_pb_css_mix_blend_mode_passthrough et_flex_column_6_24 et_flex_column_6_24_tablet et_flex_column_24_24_phone et_flex_column_24_24_phoneWide et_flex_column_6_24_tabletWide et_flex_column_6_24_widescreen et_flex_column_6_24_ultraWide\">\n<div class=\"et_pb_icon_0 et_pb_icon et_clickable et_pb_module et_flex_module\"><span class=\"et_pb_icon_wrap\"><a href=\"https:\/\/www.krysztofiak.studio\/pl\/strona-glowna\/artykuly\/\" target=\"\"><span class=\"et-pb-icon\">$<\/span><\/a><\/span><\/div>\n<\/div>\n<\/div>\n<\/div><div class=\"et_pb_group_1 et_pb_group et-last-child et_pb_module et_flex_group et_pb_css_mix_blend_mode_passthrough et_animated et_clickable\" data-loop-item=\"1\">\n<div class=\"et_pb_image_1 et_pb_image et_pb_module et_flex_module\"><span class=\"et_pb_image_wrap\"><img loading=\"lazy\" decoding=\"async\" src=\"https:\/\/www.krysztofiak.studio\/wp-content\/uploads\/2026\/04\/Krysztofiak-studio-pracownia-marki.webp\" title=\"Krysztofiak studio pracownia marki\" width=\"2048\" height=\"1367\" srcset=\"https:\/\/www.krysztofiak.studio\/wp-content\/uploads\/2026\/04\/Krysztofiak-studio-pracownia-marki.webp 2048w, https:\/\/www.krysztofiak.studio\/wp-content\/uploads\/2026\/04\/Krysztofiak-studio-pracownia-marki-1280x854.webp 1280w, https:\/\/www.krysztofiak.studio\/wp-content\/uploads\/2026\/04\/Krysztofiak-studio-pracownia-marki-980x654.webp 980w, https:\/\/www.krysztofiak.studio\/wp-content\/uploads\/2026\/04\/Krysztofiak-studio-pracownia-marki-480x320.webp 480w\" sizes=\"(min-width: 0px) and (max-width: 480px) 480px, (min-width: 481px) and (max-width: 980px) 980px, (min-width: 981px) and (max-width: 1280px) 1280px, (min-width: 1281px) 2048px, 100vw\" class=\"wp-image-17016\" \/><\/span><\/div>\n\n<div class=\"et_pb_row_3 et_pb_row et_pb_row_nested et_flex_row\">\n<div class=\"et_pb_column_4 et_pb_column et_flex_column et_pb_css_mix_blend_mode_passthrough et_flex_column_18_24 et_flex_column_18_24_tablet et_flex_column_24_24_phone et_flex_column_24_24_phoneWide et_flex_column_18_24_tabletWide et_flex_column_18_24_widescreen et_flex_column_18_24_ultraWide\">\n<div class=\"et_pb_text_3 et_pb_text et_pb_bg_layout_light et_pb_module et_flex_module\"><div class=\"et_pb_text_inner\"><p>Czym jest Dedykowany Dzie\u0144 Projektowy?<\/p>\n<\/div><\/div>\n<\/div>\n\n<div class=\"et_pb_column_5 et_pb_column et-last-child et_flex_column et_pb_css_mix_blend_mode_passthrough et_flex_column_6_24 et_flex_column_6_24_tablet et_flex_column_24_24_phone et_flex_column_24_24_phoneWide et_flex_column_6_24_tabletWide et_flex_column_6_24_widescreen et_flex_column_6_24_ultraWide\">\n<div class=\"et_pb_icon_1 et_pb_icon et_clickable et_pb_module et_flex_module\"><span class=\"et_pb_icon_wrap\"><a href=\"https:\/\/www.krysztofiak.studio\/pl\/strona-glowna\/artykuly\/\" target=\"\"><span class=\"et-pb-icon\">$<\/span><\/a><\/span><\/div>\n<\/div>\n<\/div>\n<\/div><\/div>\n<\/div>\n<\/div>\n\n<div class=\"et_pb_section_2 et_pb_section et_section_regular et_flex_section\">\n<div class=\"et_pb_row_4 et_pb_row et_flex_row\">\n<div class=\"et_pb_column_6 et_pb_column et-last-child et_flex_column et_pb_css_mix_blend_mode_passthrough et_flex_column_24_24 et_flex_column_24_24_tablet et_flex_column_24_24_phone et_flex_column_24_24_phoneWide et_flex_column_24_24_tabletWide et_flex_column_24_24_widescreen et_flex_column_24_24_ultraWide\">\n<div class=\"et_pb_text_4 et_pb_text et_pb_bg_layout_light et_pb_module et_flex_module\"><div class=\"et_pb_text_inner\"><h2>Czujesz, \u017ce to czas na nowy rozdzia\u0142 Twojej marki?<\/h2>\n<\/div><\/div>\n\n<div class=\"et_pb_module et_pb_button_module_wrapper et_pb_button_0_wrapper\"><a class=\"et_pb_button_0 et_pb_button et_pb_bg_layout_light et_pb_module et_flex_module\" href=\"https:\/\/www.krysztofiak.studio\/pl\/kontakt\/\">Wy\u015blij zg\u0142oszenie do wsp\u00f3\u0142pracy<\/a><\/div>\n<\/div>\n<\/div>\n<\/div>","protected":false},"excerpt":{"rendered":"","protected":false},"author":1,"featured_media":0,"parent":10716,"menu_order":0,"comment_status":"closed","ping_status":"closed","template":"","meta":{"prwc_products":"","prwc_not_all_products_required":false,"prwc_not_bought_page":"","prwc_redirect_not_bought":false,"prwc_not_logged_in_page":"","prwc_redirect_not_logged_in":false,"prwc_timeout_days":0,"prwc_timeout_hours":0,"prwc_timeout_minutes":0,"prwc_timeout_seconds":0,"prwc_timeout_views":0,"footnotes":""},"class_list":["post-7044","page","type-page","status-publish","hentry"],"_links":{"self":[{"href":"https:\/\/www.krysztofiak.studio\/pl\/wp-json\/wp\/v2\/pages\/7044","targetHints":{"allow":["GET"]}}],"collection":[{"href":"https:\/\/www.krysztofiak.studio\/pl\/wp-json\/wp\/v2\/pages"}],"about":[{"href":"https:\/\/www.krysztofiak.studio\/pl\/wp-json\/wp\/v2\/types\/page"}],"author":[{"embeddable":true,"href":"https:\/\/www.krysztofiak.studio\/pl\/wp-json\/wp\/v2\/users\/1"}],"replies":[{"embeddable":true,"href":"https:\/\/www.krysztofiak.studio\/pl\/wp-json\/wp\/v2\/comments?post=7044"}],"version-history":[{"count":62,"href":"https:\/\/www.krysztofiak.studio\/pl\/wp-json\/wp\/v2\/pages\/7044\/revisions"}],"predecessor-version":[{"id":18069,"href":"https:\/\/www.krysztofiak.studio\/pl\/wp-json\/wp\/v2\/pages\/7044\/revisions\/18069"}],"up":[{"embeddable":true,"href":"https:\/\/www.krysztofiak.studio\/pl\/wp-json\/wp\/v2\/pages\/10716"}],"wp:attachment":[{"href":"https:\/\/www.krysztofiak.studio\/pl\/wp-json\/wp\/v2\/media?parent=7044"}],"curies":[{"name":"wp","href":"https:\/\/api.w.org\/{rel}","templated":true}]}}