{"id":964,"date":"2015-04-12T10:52:36","date_gmt":"2015-04-12T08:52:09","guid":{"rendered":"http:\/\/www.krysztofiak.studio\/?page_id=964"},"modified":"2026-04-18T19:52:58","modified_gmt":"2026-04-18T17:52:58","slug":"pracownia-marki","status":"publish","type":"page","link":"https:\/\/www.krysztofiak.studio\/pl\/pracownia-marki\/","title":{"rendered":"O Pracowni"},"content":{"rendered":"<div class=\"et_pb_section_0 et_pb_section et_section_regular et_block_section et_animated\">\n<div class=\"et_pb_row_0 et_pb_row et_block_row\">\n<div class=\"et_pb_column_0 et_pb_column et_pb_column_4_4 et-last-child et_flex_column et_pb_css_mix_blend_mode_passthrough\">\n<div class=\"et_pb_text_0 et_pb_text et_pb_bg_layout_light et_animated et_pb_module et_block_module\"><div class=\"et_pb_text_inner\"><h1>Projektujemy marki w duchu meaningful brandingu<\/h1>\n<\/div><\/div>\n\n<div class=\"et_pb_text_1 et_pb_text et_pb_bg_layout_light et_pb_module et_block_module\"><div class=\"et_pb_text_inner\"><h2>Osadzone w osobowo\u015bci w\u0142a\u015bciciela, intencji stoj\u0105cej za biznesem i kierunku, w kt\u00f3rym marka naprawd\u0119 chce si\u0119 rozwija\u0107.<\/h2>\n<\/div><\/div>\n<\/div>\n<\/div>\n<\/div>\n\n<div class=\"et_pb_section_1 et_pb_section et_section_regular et_flex_section\">\n<div class=\"et_pb_row_1 et_pb_row et_flex_row\">\n<div class=\"et_pb_column_1 et_pb_column et_flex_column et_pb_css_mix_blend_mode_passthrough et_flex_column_12_24 et_flex_column_24_24_tablet et_flex_column_24_24_phone et_flex_column_24_24_phoneWide et_flex_column_24_24_tabletWide et_flex_column_12_24_widescreen et_flex_column_12_24_ultraWide\">\n<div class=\"et_pb_image_0 et_pb_image et_pb_module et_flex_module\"><span class=\"et_pb_image_wrap\"><img loading=\"lazy\" decoding=\"async\" src=\"https:\/\/www.krysztofiak.studio\/wp-content\/uploads\/2026\/04\/sesja-wizerunkowa-brand-design-Pani-Wozna-Poznan-2026-26-of-264-scaled.webp\" title=\"sesja wizerunkowa brand design Pani Wo\u017ana Pozna\u0144 2026 (26 of 264)\" width=\"2560\" height=\"1703\" srcset=\"https:\/\/www.krysztofiak.studio\/wp-content\/uploads\/2026\/04\/sesja-wizerunkowa-brand-design-Pani-Wozna-Poznan-2026-26-of-264-scaled.webp 2560w, https:\/\/www.krysztofiak.studio\/wp-content\/uploads\/2026\/04\/sesja-wizerunkowa-brand-design-Pani-Wozna-Poznan-2026-26-of-264-1280x852.webp 1280w, https:\/\/www.krysztofiak.studio\/wp-content\/uploads\/2026\/04\/sesja-wizerunkowa-brand-design-Pani-Wozna-Poznan-2026-26-of-264-980x652.webp 980w, https:\/\/www.krysztofiak.studio\/wp-content\/uploads\/2026\/04\/sesja-wizerunkowa-brand-design-Pani-Wozna-Poznan-2026-26-of-264-480x319.webp 480w\" sizes=\"(min-width: 0px) and (max-width: 480px) 480px, (min-width: 481px) and (max-width: 980px) 980px, (min-width: 981px) and (max-width: 1280px) 1280px, (min-width: 1281px) 2560px, 100vw\" class=\"wp-image-17135\" \/><\/span><\/div>\n<\/div>\n\n<div class=\"et_pb_column_2 et_pb_column et_flex_column et_pb_css_mix_blend_mode_passthrough et_flex_column_6_24 et_flex_column_12_24_tablet et_flex_column_24_24_phone et_flex_column_24_24_phoneWide et_flex_column_12_24_tabletWide et_flex_column_6_24_widescreen et_flex_column_6_24_ultraWide\">\n<div class=\"et_pb_text_2 et_pb_text et_pb_bg_layout_light et_pb_module et_flex_module\"><div class=\"et_pb_text_inner\"><h2>Wierzymy, \u017ce warto\u015bciowe marki nie powstaj\u0105 z trend\u00f3w, ale z wewn\u0119trznej sp\u00f3jno\u015bci.<\/h2>\n<\/div><\/div>\n<\/div>\n\n<div class=\"et_pb_column_3 et_pb_column et-last-child et_flex_column et_pb_css_mix_blend_mode_passthrough et_flex_column_6_24 et_flex_column_12_24_tablet et_flex_column_24_24_phone et_flex_column_24_24_phoneWide et_flex_column_12_24_tabletWide et_flex_column_6_24_widescreen et_flex_column_6_24_ultraWide\">\n<div class=\"et_pb_text_3 et_pb_text et_pb_bg_layout_light et_pb_module et_flex_module\"><div class=\"et_pb_text_inner\"><p>Dlatego zaczynamy g\u0142\u0119biej, od osobowo\u015bci, intencji i wizji. Pracujemy na styku strategii, wizualnej to\u017csamo\u015bci i do\u015bwiadczenia marki. Pomagamy uporz\u0105dkowa\u0107 to, co rozproszone, nazwa\u0107 to, co intuicyjne, i prze\u0142o\u017cy\u0107 to na sp\u00f3jn\u0105 obecno\u015b\u0107, kt\u00f3ra buduje zaufanie i niesie w\u0142a\u015bciwe skojarzenia.<\/p>\n<p>Ale najwa\u017cniejsze jest to, \u017ce sprawiamy, \u017ce w\u0142a\u015bcicielki marek, mog\u0105 w ko\u0144cu odetchn\u0105\u0107 z ulg\u0105 i ruszy\u0107 z poczuciem, \u017ce ich marka jest prawdziwie ich.\u00a0<\/p>\n<\/div><\/div>\n<\/div>\n<\/div>\n<\/div>\n\n<div class=\"et_pb_section_2 et_pb_section et_section_regular et_block_section\">\n<div class=\"et_pb_row_2 et_pb_row et_flex_row\">\n<div class=\"et_pb_column_4 et_pb_column et_flex_column et_pb_css_mix_blend_mode_passthrough et_flex_column_12_24 et_flex_column_12_24_tablet et_flex_column_24_24_phone et_flex_column_24_24_phoneWide et_flex_column_12_24_tabletWide et_flex_column_12_24_widescreen et_flex_column_12_24_ultraWide\">\n<div class=\"et_pb_text_4 et_pb_text et_pb_bg_layout_light et_animated et_pb_module et_block_module\"><div class=\"et_pb_text_inner\"><p><span>ZAJRZYJ ZA KULISY<\/span><\/p>\n<\/div><\/div>\n\n<div class=\"et_pb_text_5 et_pb_text et_pb_bg_layout_light et_animated et_pb_module et_block_module\"><div class=\"et_pb_text_inner\"><h2>Jak to jest pracowa\u0107 z Kryszofofiak Studio?<\/h2>\n<\/div><\/div>\n\n<div class=\"et_pb_text_6 et_pb_text et_pb_bg_layout_light et_pb_module et_flex_module\"><div class=\"et_pb_text_inner\"><h3>Wyobra\u017a sobie, \u017ce kto\u015b potrafi zobaczy\u0107 w Twojej marce to, czego Ty sama nie umiesz jeszcze do ko\u0144ca nazwa\u0107.<\/h3>\n<p>&nbsp;<\/p>\n<p data-start=\"158\" data-end=\"352\">Wsp\u00f3\u0142prac\u0119 zaczynamy od wielu pyta\u0144. Cz\u0119\u015b\u0107 z nich mo\u017ce Ci\u0119 zaskoczy\u0107, bo schodzimy naprawd\u0119 g\u0142\u0119boko. Chcemy zrozumie\u0107, kim jeste\u015b, co stoi za Twoj\u0105 mark\u0105 i wydoby\u0107 to, co jest prawdziwie Twoje.<\/p>\n<p data-start=\"354\" data-end=\"632\">Nast\u0119pnie porz\u0105dkujemy to, co zebrali\u015bmy, i przek\u0142adamy na kierunek kreatywny. To etap, na kt\u00f3rym zaczynasz lepiej rozumie\u0107 swoj\u0105 mark\u0119 i widzie\u0107, jak to, co do tej pory by\u0142o przeczuciem, intuicj\u0105 albo trudnym do uchwycenia klimatem, mo\u017ce sta\u0107 si\u0119 sp\u00f3jn\u0105 wizualn\u0105 reprezentacj\u0105.<\/p>\n<p data-start=\"634\" data-end=\"812\">To w\u0142a\u015bnie wtedy cz\u0119sto s\u0142yszymy od klientek, \u017ce Karolina umie czyta\u0107 w my\u015blach. To jednak efekt uwa\u017cno\u015bci, obserwacji, czytania mi\u0119dzy wierszami i g\u0142\u0119bokiego zrozumienia drugiej osoby.<\/p>\n<p data-start=\"814\" data-end=\"1235\">Dopiero potem zaczyna si\u0119 etap nadawania formy. Wizja i kierunek przekszta\u0142caj\u0105 si\u0119 w namacaln\u0105 mark\u0119, tak\u0105, kt\u00f3r\u0105 mo\u017cna zobaczy\u0107, poczu\u0107. W \u015bwiecie, w kt\u00f3rym tak wiele mo\u017cna dzi\u015b wygenerowa\u0107, my \u015bwiadomie wplatamy w marki prawdziw\u0105 sztuk\u0119 i rzemios\u0142o. Tam, gdzie jest to uzasadnione, uzupe\u0142niamy identyfikacj\u0119 r\u0119cznie wykonanymi elementami, kt\u00f3re oddaj\u0105 klimat marki i nadaj\u0105 jej g\u0142\u0119bi\u0119.<\/p>\n<\/div><\/div>\n<\/div>\n\n<div class=\"et_pb_column_5 et_pb_column et-last-child et_flex_column et_pb_css_mix_blend_mode_passthrough et_flex_column_12_24 et_flex_column_12_24_tablet et_flex_column_24_24_phone et_flex_column_24_24_phoneWide et_flex_column_12_24_tabletWide et_flex_column_12_24_widescreen et_flex_column_12_24_ultraWide\">\n<div class=\"et_pb_divider_0 et_pb_divider et_pb_space et_pb_divider_position_top et_pb_module\"><div class=\"et_pb_divider_internal\"><\/div><\/div>\n<\/div>\n<\/div>\n\n<div class=\"et_pb_row_3 et_pb_row et_block_row\">\n<div class=\"et_pb_column_6 et_pb_column et_pb_column_1_3 et_block_column et_pb_css_mix_blend_mode_passthrough et_animated\">\n<div class=\"et_pb_text_7 et_pb_text et_pb_bg_layout_light et_pb_module et_block_module\"><div class=\"et_pb_text_inner\"><h3>Ca\u0142o\u015bciowe spojrzenie<\/h3>\n<\/div><\/div>\n\n<div class=\"et_pb_text_8 et_pb_text et_pb_bg_layout_light et_pb_module et_block_module\"><div class=\"et_pb_text_inner\"><p data-start=\"422\" data-end=\"710\">Patrzymy na mark\u0119 szerzej ni\u017c tylko przez pryzmat logo czy strony. Interesuje nas to, jak jest odbierana i jakie do\u015bwiadczenie tworzy na ka\u017cdym etapie kontaktu. Dzi\u0119ki temu podejmowane decyzje nie s\u0105 oderwanymi elementami, ale cz\u0119\u015bci\u0105 jednej, sp\u00f3jnej ca\u0142o\u015bci.<\/p>\n<\/div><\/div>\n<\/div>\n\n<div class=\"et_pb_column_7 et_pb_column et_pb_column_1_3 et_block_column et_pb_css_mix_blend_mode_passthrough et_animated\">\n<div class=\"et_pb_text_9 et_pb_text et_pb_bg_layout_light et_pb_module et_block_module\"><div class=\"et_pb_text_inner\"><h3><span class=\"gmail_default\">\u200b<\/span><span class=\"gmail_default\">\u200b<\/span><span>KOMPLEKSOWE WSPARCIE<\/span><span class=\"gmail_default\">\u200b<\/span><\/h3>\n<\/div><\/div>\n\n<div class=\"et_pb_text_10 et_pb_text et_pb_bg_layout_light et_pb_module et_block_module\"><div class=\"et_pb_text_inner\"><p>Wsp\u00f3\u0142praca z nami nie ko\u0144czy si\u0119 na stworzeniu identyfikacji. Pomagamy podejmowa\u0107 decyzje i wspieramy mark\u0119 tak\u017ce w kolejnych punktach styku: od strony internetowej po materia\u0142y drukowane i dalszy rozw\u00f3j. To daje poczucie ci\u0105g\u0142o\u015bci, sp\u00f3jno\u015bci i pracy z osobami, kt\u00f3re naprawd\u0119 znaj\u0105 Twoj\u0105 mark\u0119.<\/p>\n<\/div><\/div>\n<\/div>\n\n<div class=\"et_pb_column_8 et_pb_column et_pb_column_1_3 et-last-child et_block_column et_pb_css_mix_blend_mode_passthrough et_animated\">\n<div class=\"et_pb_text_11 et_pb_text et_pb_bg_layout_light et_pb_module et_block_module\"><div class=\"et_pb_text_inner\"><h3>TWORZONE Z INTENCJ\u0104<\/h3>\n<\/div><\/div>\n\n<div class=\"et_pb_text_12 et_pb_text et_pb_bg_layout_light et_pb_module et_block_module\"><div class=\"et_pb_text_inner\"><p><span class=\"gmail_default\"><\/span>Ka\u017cda decyzja wizualna ma swoje uzasadnienie. Szukamy form, kt\u00f3re oddaj\u0105 charakter marki, buduj\u0105 w\u0142a\u015bciwy odbi\u00f3r i pomagaj\u0105 jej wybrzmie\u0107 we w\u0142a\u015bciwy spos\u00f3b. Tam, gdzie projekt tego wymaga, si\u0119gamy tak\u017ce po r\u0119cznie wykonane elementy, kt\u00f3re wnosz\u0105 do marki dodatkow\u0105 g\u0142\u0119bi\u0119, autentyczno\u015b\u0107 i klimat.<\/p>\n<\/div><\/div>\n<\/div>\n<\/div>\n<\/div>\n\n<div class=\"et_pb_section_3 et_pb_section et_section_regular et_flex_section\"><\/div>\n\n<div class=\"et_pb_section_4 et_pb_section et_section_regular et_flex_section\">\n<div class=\"et_pb_row_4 et_pb_row et_flex_row\">\n<div class=\"et_pb_column_9 et_pb_column et_flex_column et_pb_css_mix_blend_mode_passthrough et_flex_column_12_24 et_flex_column_12_24_tablet et_flex_column_24_24_phone et_flex_column_24_24_phoneWide et_flex_column_12_24_tabletWide et_flex_column_12_24_widescreen et_flex_column_12_24_ultraWide\">\n<div class=\"et_pb_text_13 et_pb_text et_pb_bg_layout_light et_animated et_pb_module et_block_module\"><div class=\"et_pb_text_inner\"><p><span>HISTORIA PRACOWNI W S\u0141OWACH KAROLINY<\/span><\/p>\n<\/div><\/div>\n\n<div class=\"et_pb_text_14 et_pb_text et_pb_bg_layout_light et_animated et_pb_module et_block_module\"><div class=\"et_pb_text_inner\"><h2>Biznes potrafi sta\u0107 si\u0119 nie tylko prac\u0105, ale te\u017c drog\u0105 do \u017cycia po swojemu.<\/h2>\n<\/div><\/div>\n\n<div class=\"et_pb_text_15 et_pb_text et_pb_bg_layout_light et_pb_module et_flex_module\"><div class=\"et_pb_text_inner\"><p data-start=\"1699\" data-end=\"1969\">Zanim powsta\u0142a pracownia, pracowa\u0142am w banku, zajmuj\u0105c si\u0119 kontrol\u0105 jako\u015bci kontaktu z klientem, sposobem prowadzenia rozm\u00f3w i szkoleniami doradc\u00f3w. Ju\u017c wtedy du\u017c\u0105 cz\u0119\u015bci\u0105 mojej pracy by\u0142a uwa\u017cna obserwacja, wychwytywanie niuans\u00f3w i rozumienie, co si\u0119 dzieje mi\u0119dzy wierszami.<\/p>\n<p data-start=\"1971\" data-end=\"2239\">Po urodzeniu pierwszego syna wiedzia\u0142am, \u017ce nie chc\u0119 wraca\u0107 na etat w dotychczasowej formie. Zacz\u0119\u0142am szuka\u0107 w\u0142asnej drogi i tworzy\u0107 w internecie. Najpierw przez blog, kt\u00f3ry z czasem sta\u0142 si\u0119 moj\u0105 przestrzeni\u0105 do dzielenia si\u0119 tym, czego si\u0119 uczy\u0142am i co odkrywa\u0142am.<\/p>\n<p data-start=\"2241\" data-end=\"2662\">To w\u0142a\u015bnie wtedy, w 2014 roku,\u00a0 zacz\u0119\u0142y pojawia\u0107 si\u0119 pierwsze pytania, czy mog\u0142abym co\u015b przygotowa\u0107 tak\u017ce dla innych. Najpierw by\u0142y to drobne projekty i blogowe nag\u0142\u00f3wki, p\u00f3\u017aniej przyszed\u0142 moment, kt\u00f3ry wszystko zmieni\u0142: trafi\u0142am na \u015bwiat brandingu i zobaczy\u0142am, \u017ce projektowanie marek mo\u017ce by\u0107 realnym zawodem. To by\u0142 prze\u0142om. Zacz\u0119\u0142am si\u0119 uczy\u0107, rozwija\u0107 w tym kierunku i w ko\u0144cu przyj\u0119\u0142am pierwsze zlecenie na identyfikacj\u0119 wizualn\u0105.<\/p>\n<p data-start=\"2664\" data-end=\"2989\">Reszta potoczy\u0142a si\u0119 szybciej, ni\u017c si\u0119 spodziewa\u0142am. Z czego\u015b, co pocz\u0105tkowo wydawa\u0142o si\u0119 odleg\u0142ym marzeniem, powsta\u0142a praca, kt\u00f3r\u0105 wykonuj\u0119 do dzi\u015b. Z czasem projektowanie sta\u0142o si\u0119 dla mnie czym\u015b wi\u0119cej ni\u017c zawodem, naturalnym sposobem my\u015blenia, obserwowania i nadawania formy temu, co wcze\u015bniej by\u0142o trudne do uchwycenia.<\/p>\n<p data-start=\"2991\" data-end=\"3284\">Dzi\u015b Krysztofiak Studio wyrasta w\u0142a\u015bnie z tego po\u0142\u0105czenia: wra\u017cliwo\u015bci na ludzi, g\u0142\u0119bokiej obserwacji i potrzeby tworzenia marek, kt\u00f3re naprawd\u0119 co\u015b ze sob\u0105 nios\u0105. I mo\u017ce w\u0142a\u015bnie dlatego tak bardzo wierz\u0119, \u017ce w\u0142asny biznes potrafi sta\u0107 si\u0119 nie tylko prac\u0105, ale te\u017c drog\u0105 do \u017cycia bardziej po swojemu.<\/p>\n<\/div><\/div>\n<\/div>\n\n<div class=\"et_pb_column_10 et_pb_column et-last-child et_flex_column et_pb_css_mix_blend_mode_passthrough et_flex_column_12_24 et_flex_column_12_24_tablet et_flex_column_24_24_phone et_flex_column_24_24_phoneWide et_flex_column_12_24_tabletWide et_flex_column_12_24_widescreen et_flex_column_12_24_ultraWide\">\n<div class=\"et_pb_divider_1 et_pb_divider et_pb_space et_pb_divider_position_top et_pb_module\"><div class=\"et_pb_divider_internal\"><\/div><\/div>\n<\/div>\n<\/div>\n<\/div>\n\n<div class=\"et_pb_section_5 et_pb_section et_section_regular et_flex_section\">\n<div class=\"et_pb_row_5 et_pb_row et_flex_row\">\n<div class=\"et_pb_column_11 et_pb_column et-last-child et_flex_column et_pb_css_mix_blend_mode_passthrough et_flex_column_24_24 et_flex_column_24_24_tablet et_flex_column_24_24_phone et_flex_column_24_24_phoneWide et_flex_column_24_24_tabletWide et_flex_column_24_24_widescreen et_flex_column_24_24_ultraWide\">\n<div class=\"et_pb_text_16 et_pb_text et_pb_bg_layout_light et_animated et_pb_module et_flex_module\"><div class=\"et_pb_text_inner\"><p>MAMY WA\u017bNY POW\u00d3D, ABY ISTNIE\u0106<\/p>\n<\/div><\/div>\n<\/div>\n<\/div>\n\n<div class=\"et_pb_row_6 et_pb_row et_flex_row\">\n<div class=\"et_pb_column_12 et_pb_column et_flex_column et_pb_css_mix_blend_mode_passthrough et_flex_column_12_24 et_flex_column_12_24_tablet et_flex_column_24_24_phone et_flex_column_24_24_phoneWide et_flex_column_12_24_tabletWide et_flex_column_12_24_widescreen et_flex_column_12_24_ultraWide\">\n<div class=\"et_pb_text_17 et_pb_text et_pb_bg_layout_light et_animated et_pb_module et_block_module\"><div class=\"et_pb_text_inner\"><h2>Nasz\u0105 misj\u0105 jest wspiera\u0107 powstawanie marek, kt\u00f3re s\u0105 przed\u0142u\u017ceniem prawdziwych ludzi, ich warto\u015bci i intencji - tak, aby \u015bwiat biznesu by\u0142 bardziej \u015bwiadomy, pi\u0119kny i ludzki.<\/h2>\n<\/div><\/div>\n<\/div>\n\n<div class=\"et_pb_column_13 et_pb_column et-last-child et_flex_column et_pb_css_mix_blend_mode_passthrough et_flex_column_12_24 et_flex_column_12_24_tablet et_flex_column_24_24_phone et_flex_column_24_24_phoneWide et_flex_column_12_24_tabletWide et_flex_column_12_24_widescreen et_flex_column_12_24_ultraWide\">\n<div class=\"et_pb_text_18 et_pb_text et_pb_bg_layout_light et_animated et_pb_module et_block_module\"><div class=\"et_pb_text_inner\"><p>G\u0141\u0118BIA<\/p>\n<p>INTENCJONALNO\u015a\u0106<\/p>\n<p>RZEMIOS\u0141O<\/p>\n<p>AUTENTYCZNO\u015a\u0106<\/p>\n<p>\u017bYCZLIWO\u015a\u0106<\/p>\n<\/div><\/div>\n<\/div>\n<\/div>\n<\/div>\n\n<div class=\"et_pb_section_6 et_pb_section et_section_regular et_flex_section\">\n<div class=\"et_pb_row_7 et_pb_row et_flex_row\">\n<div class=\"et_pb_column_14 et_pb_column et_flex_column et_pb_css_mix_blend_mode_passthrough et_flex_column_8_24 et_flex_column_8_24_tablet et_flex_column_24_24_phone et_flex_column_24_24_phoneWide et_flex_column_8_24_tabletWide et_flex_column_8_24_widescreen et_flex_column_8_24_ultraWide\">\n<div class=\"et_pb_image_1 et_pb_image et_pb_module et_flex_module\"><span class=\"et_pb_image_wrap\"><img loading=\"lazy\" decoding=\"async\" src=\"https:\/\/www.krysztofiak.studio\/wp-content\/uploads\/2026\/04\/sesja-wizerunkowa-brand-design-Pani-Wozna-Poznan-2026-256-of-264.jpg\" title=\"sesja wizerunkowa brand design Pani Wo\u017ana Pozna\u0144 2026 (256 of 264)\" width=\"1709\" height=\"2560\" sizes=\"(min-width: 0px) and (max-width: 480px) 480px, (min-width: 481px) and (max-width: 980px) 980px, (min-width: 981px) and (max-width: 1280px) 1280px, (min-width: 1281px) 1709px, 100vw\" class=\"wp-image-17169\" \/><\/span><\/div>\n<\/div>\n\n<div class=\"et_pb_column_15 et_pb_column et_flex_column et_pb_css_mix_blend_mode_passthrough et_flex_column_8_24 et_flex_column_8_24_tablet et_flex_column_24_24_phone et_flex_column_24_24_phoneWide et_flex_column_8_24_tabletWide et_flex_column_8_24_widescreen et_flex_column_8_24_ultraWide\">\n<div class=\"et_pb_image_2 et_pb_image et_pb_module et_flex_module\"><span class=\"et_pb_image_wrap\"><img loading=\"lazy\" decoding=\"async\" src=\"https:\/\/www.krysztofiak.studio\/wp-content\/uploads\/2026\/04\/sesja-wizerunkowa-brand-design-Pani-Wozna-Poznan-2026-226-of-264-scaled.webp\" title=\"sesja wizerunkowa brand design Pani Wo\u017ana Pozna\u0144 2026 (226 of 264)\" width=\"1709\" height=\"2560\" srcset=\"https:\/\/www.krysztofiak.studio\/wp-content\/uploads\/2026\/04\/sesja-wizerunkowa-brand-design-Pani-Wozna-Poznan-2026-226-of-264-scaled.webp 1709w, https:\/\/www.krysztofiak.studio\/wp-content\/uploads\/2026\/04\/sesja-wizerunkowa-brand-design-Pani-Wozna-Poznan-2026-226-of-264-1280x1917.webp 1280w, https:\/\/www.krysztofiak.studio\/wp-content\/uploads\/2026\/04\/sesja-wizerunkowa-brand-design-Pani-Wozna-Poznan-2026-226-of-264-980x1468.webp 980w, https:\/\/www.krysztofiak.studio\/wp-content\/uploads\/2026\/04\/sesja-wizerunkowa-brand-design-Pani-Wozna-Poznan-2026-226-of-264-480x719.webp 480w\" sizes=\"(min-width: 0px) and (max-width: 480px) 480px, (min-width: 481px) and (max-width: 980px) 980px, (min-width: 981px) and (max-width: 1280px) 1280px, (min-width: 1281px) 1709px, 100vw\" class=\"wp-image-17166\" \/><\/span><\/div>\n<\/div>\n\n<div class=\"et_pb_column_16 et_pb_column et-last-child et_flex_column et_pb_css_mix_blend_mode_passthrough et_flex_column_8_24 et_flex_column_8_24_tablet et_flex_column_24_24_phone et_flex_column_24_24_phoneWide et_flex_column_8_24_tabletWide et_flex_column_8_24_widescreen et_flex_column_8_24_ultraWide\">\n<div class=\"et_pb_image_3 et_pb_image et_pb_module et_flex_module\"><span class=\"et_pb_image_wrap\"><img loading=\"lazy\" decoding=\"async\" src=\"https:\/\/www.krysztofiak.studio\/wp-content\/uploads\/2026\/04\/sesja-wizerunkowa-brand-design-Pani-Wozna-Poznan-2026-79-of-264-scaled.webp\" title=\"sesja wizerunkowa brand design Pani Wo\u017ana Pozna\u0144 2026 (79 of 264)\" width=\"1709\" height=\"2560\" srcset=\"https:\/\/www.krysztofiak.studio\/wp-content\/uploads\/2026\/04\/sesja-wizerunkowa-brand-design-Pani-Wozna-Poznan-2026-79-of-264-scaled.webp 1709w, https:\/\/www.krysztofiak.studio\/wp-content\/uploads\/2026\/04\/sesja-wizerunkowa-brand-design-Pani-Wozna-Poznan-2026-79-of-264-1280x1917.webp 1280w, https:\/\/www.krysztofiak.studio\/wp-content\/uploads\/2026\/04\/sesja-wizerunkowa-brand-design-Pani-Wozna-Poznan-2026-79-of-264-980x1468.webp 980w, https:\/\/www.krysztofiak.studio\/wp-content\/uploads\/2026\/04\/sesja-wizerunkowa-brand-design-Pani-Wozna-Poznan-2026-79-of-264-480x719.webp 480w\" sizes=\"(min-width: 0px) and (max-width: 480px) 480px, (min-width: 481px) and (max-width: 980px) 980px, (min-width: 981px) and (max-width: 1280px) 1280px, (min-width: 1281px) 1709px, 100vw\" class=\"wp-image-17168\" \/><\/span><\/div>\n<\/div>\n<\/div>\n\n<div class=\"et_pb_row_8 et_pb_row et_flex_row\">\n<div class=\"et_pb_column_17 et_pb_column et_flex_column et_pb_css_mix_blend_mode_passthrough et_flex_column_8_24 et_flex_column_8_24_tablet et_flex_column_24_24_phone et_flex_column_24_24_phoneWide et_flex_column_8_24_tabletWide et_flex_column_8_24_widescreen et_flex_column_8_24_ultraWide\">\n<div class=\"et_pb_text_19 et_pb_text et_pb_bg_layout_light et_animated et_pb_module et_block_module\"><div class=\"et_pb_text_inner\"><h2>Nazywam si\u0119 Karolina Krysztofiak i to ja stoj\u0119 za Pracowni\u0105 Krysztofiak Studio.<\/h2>\n<\/div><\/div>\n\n<div class=\"et_pb_text_20 et_pb_text et_pb_bg_layout_light et_animated et_pb_module et_block_module\"><div class=\"et_pb_text_inner\"><h3>Jestem w\u0142a\u015bcielk\u0105 pracowni, strate\u017ck\u0105 , konsultantk\u0105 i projektantk\u0105 marek. R\u00f3wnolegle wspieram inne projektantki w rozwijaniu ich w\u0142asnej drogi zawodowej.<\/h3>\n<\/div><\/div>\n<\/div>\n\n<div class=\"et_pb_column_18 et_pb_column et_flex_column et_pb_css_mix_blend_mode_passthrough et_flex_column_8_24 et_flex_column_8_24_tablet et_flex_column_24_24_phone et_flex_column_24_24_phoneWide et_flex_column_8_24_tabletWide et_flex_column_8_24_widescreen et_flex_column_8_24_ultraWide\">\n<div class=\"et_pb_text_21 et_pb_text et_pb_bg_layout_light et_animated et_pb_module et_block_module\"><div class=\"et_pb_text_inner\"><p>Z czasem zrozumia\u0142am, \u017ce samo projektowanie to tylko cz\u0119\u015b\u0107 tej pracy. R\u00f3wnie wa\u017cne jest to, co dzieje si\u0119 wcze\u015bniej, spos\u00f3b patrzenia, zadawania pyta\u0144 i wydobywania tego, co w marce naprawd\u0119 istotne.<\/p>\n<p>Prowadz\u0119 audyty i konsultacje, w kt\u00f3rych pomagam zobaczy\u0107 kierunek i prze\u0142o\u017cy\u0107 intuicje na konkret. Podobnie pracuj\u0119 z projektantkami. Ucz\u0119 je my\u015ble\u0107 o marce szerzej, wychodzi\u0107 poza estetyk\u0119 i budowa\u0107 w\u0142asn\u0105, \u015bwiadom\u0105 pozycj\u0119 w bran\u017cy.<\/p>\n<\/div><\/div>\n<\/div>\n\n<div class=\"et_pb_column_19 et_pb_column et-last-child et_flex_column et_pb_css_mix_blend_mode_passthrough et_flex_column_8_24 et_flex_column_8_24_tablet et_flex_column_24_24_phone et_flex_column_24_24_phoneWide et_flex_column_8_24_tabletWide et_flex_column_8_24_widescreen et_flex_column_8_24_ultraWide\">\n<div class=\"et_pb_text_22 et_pb_text et_pb_bg_layout_light et_animated et_pb_module et_block_module\"><div class=\"et_pb_text_inner\"><p data-start=\"1023\" data-end=\"1320\">Na to, jak dzi\u015b pracuj\u0119, wp\u0142ywa tak\u017ce moje \u017cycie poza wielkomiejskim tempem. Mieszkam na wsi i to naturalnie zmieni\u0142o m\u00f3j rytm, spos\u00f3b obserwowania i podejmowania decyzji. Daje mi to dystans do po\u015bpiechu, trend\u00f3w i ci\u0105g\u0142ego por\u00f3wnywania si\u0119 -pozwala mi skupi\u0107 si\u0119 na tym, co naprawd\u0119 ma znaczenie.<\/p>\n<\/div><\/div>\n<\/div>\n<\/div>\n<\/div>","protected":false},"excerpt":{"rendered":"","protected":false},"author":1,"featured_media":0,"parent":0,"menu_order":17,"comment_status":"open","ping_status":"open","template":"","meta":{"prwc_products":"","prwc_not_all_products_required":false,"prwc_not_bought_page":"","prwc_redirect_not_bought":false,"prwc_not_logged_in_page":"","prwc_redirect_not_logged_in":false,"prwc_timeout_days":0,"prwc_timeout_hours":0,"prwc_timeout_minutes":0,"prwc_timeout_seconds":0,"prwc_timeout_views":0,"footnotes":""},"class_list":["post-964","page","type-page","status-publish","hentry"],"_links":{"self":[{"href":"https:\/\/www.krysztofiak.studio\/pl\/wp-json\/wp\/v2\/pages\/964","targetHints":{"allow":["GET"]}}],"collection":[{"href":"https:\/\/www.krysztofiak.studio\/pl\/wp-json\/wp\/v2\/pages"}],"about":[{"href":"https:\/\/www.krysztofiak.studio\/pl\/wp-json\/wp\/v2\/types\/page"}],"author":[{"embeddable":true,"href":"https:\/\/www.krysztofiak.studio\/pl\/wp-json\/wp\/v2\/users\/1"}],"replies":[{"embeddable":true,"href":"https:\/\/www.krysztofiak.studio\/pl\/wp-json\/wp\/v2\/comments?post=964"}],"version-history":[{"count":93,"href":"https:\/\/www.krysztofiak.studio\/pl\/wp-json\/wp\/v2\/pages\/964\/revisions"}],"predecessor-version":[{"id":17701,"href":"https:\/\/www.krysztofiak.studio\/pl\/wp-json\/wp\/v2\/pages\/964\/revisions\/17701"}],"wp:attachment":[{"href":"https:\/\/www.krysztofiak.studio\/pl\/wp-json\/wp\/v2\/media?parent=964"}],"curies":[{"name":"wp","href":"https:\/\/api.w.org\/{rel}","templated":true}]}}