{"id":16110,"date":"2026-02-20T11:11:56","date_gmt":"2026-02-20T10:11:56","guid":{"rendered":"https:\/\/www.krysztofiak.studio\/?post_type=product&#038;p=16110"},"modified":"2026-05-07T09:39:48","modified_gmt":"2026-05-07T07:39:48","slug":"budowanie-wizji-studia-i-zycia-ktora-ma-sens-w-zyciu-i-w-liczbach","status":"publish","type":"product","link":"https:\/\/www.krysztofiak.studio\/pl\/produkt\/budowanie-wizji-studia-i-zycia-ktora-ma-sens-w-zyciu-i-w-liczbach\/","title":{"rendered":"Od wizji studia i \u017cycia do wyceny."},"content":{"rendered":"\r\n\r\n<div class=\"et_pb_section_0 et_pb_section et_section_regular et_flex_section\">\r\n\r\n<div class=\"et_pb_row_0 et_pb_row et_flex_row\">\r\n\r\n<div class=\"et_pb_column_0 et_pb_column et-last-child et_flex_column et_pb_css_mix_blend_mode_passthrough et_flex_column_24_24 et_flex_column_24_24_tablet et_flex_column_24_24_phone et_flex_column_24_24_phoneWide et_flex_column_24_24_tabletWide et_flex_column_24_24_widescreen et_flex_column_24_24_ultraWide\">\r\n\r\n<div class=\"et_pb_text_0 et_pb_text et_pb_bg_layout_light et_pb_module et_flex_module\"><div class=\"et_pb_text_inner\"><p style=\"text-align: center;\">ROZW\u00d3J STUDIA GRAFICZNEGO<\/p>\n<\/div><\/div>\r\n\r\n<div class=\"et_pb_wc_title_0 et_pb_wc_title et_pb_bg_layout_light et_pb_module\"><div class=\"et_pb_module_inner\">\n\t\t<h1>Od wizji studia i \u017cycia do wyceny.<\/h1><\/div><\/div>\r\n\r\n<div class=\"et_pb_wc_cart_notice_0 et_pb_wc_cart_notice et_pb_fields_layout_default et_pb_module\"><div class=\"et_pb_module_inner\">\n\t<div class=\"woocommerce-message\" role=\"alert\">\n\t\t&ldquo;Product Name&rdquo; has been added to cart.\t<\/div>\n<\/div><\/div><\/div><\/div><\/div>\r\n\r\n<div class=\"et_pb_section_1 et_pb_section et_section_regular et_flex_section\">\r\n\r\n<div class=\"et_pb_row_1 et_pb_row et_flex_row\">\r\n\r\n<div class=\"et_pb_column_1 et_pb_column et_flex_column et_pb_css_mix_blend_mode_passthrough et_flex_column_16_24 et_flex_column_16_24_tablet et_flex_column_24_24_phone et_flex_column_24_24_phoneWide et_flex_column_16_24_tabletWide et_flex_column_16_24_widescreen et_flex_column_16_24_ultraWide\">\r\n\r\n<div class=\"et_pb_text_1 et_pb_text et_pb_bg_layout_light et_pb_module et_flex_module\"><div class=\"et_pb_text_inner\"><p>Wierz\u0119, \u017ce nie ma jednego przepisu na stworzenie studia graficznego, a ten w\u0142a\u015bciwy przepis jest ju\u017c w Tobie. W tym materiale poprowadz\u0119 Ci\u0119 przez drog\u0119, kt\u00f3ra pozwoli Ci go odkry\u0107 i uporz\u0105dkowa\u0107 tak, aby\u015b mog\u0142a pogodzi\u0107 cele prywatne i zawodowe w jedno daj\u0105ce satysfakcj\u0119 \u017cycie - \u017cycie na Twoich zasadach i wed\u0142ug Twojej definicji sukcesu.\u00a0<\/p>\n<\/div><\/div><\/div>\r\n\r\n<div class=\"et_pb_column_2 et_pb_column et-last-child et_flex_column et_pb_css_mix_blend_mode_passthrough et_flex_column_8_24 et_flex_column_8_24_tablet et_flex_column_24_24_phone et_flex_column_24_24_phoneWide et_flex_column_8_24_tabletWide et_flex_column_8_24_widescreen et_flex_column_8_24_ultraWide\">\r\n\r\n\r\n\r\n<\/div><\/div>\r\n\r\n<div class=\"et_pb_row_2 et_pb_row et_flex_row\">\r\n\r\n<div class=\"et_pb_column_3 et_pb_column et-last-child et_flex_column et_pb_css_mix_blend_mode_passthrough et_flex_column_24_24 et_flex_column_24_24_tablet et_flex_column_24_24_phone et_flex_column_24_24_phoneWide et_flex_column_24_24_tabletWide et_flex_column_24_24_widescreen et_flex_column_24_24_ultraWide\">\r\n\r\n<div class=\"et_pb_image_0 et_pb_image et_pb_module et_flex_module\"><span class=\"et_pb_image_wrap\"><img data-recalc-dims=\"1\" loading=\"lazy\" decoding=\"async\" src=\"https:\/\/i0.wp.com\/www.krysztofiak.studio\/wp-content\/uploads\/2026\/05\/Pracownia-Marki-Krysztofiak-Studio.jpg?resize=1080%2C719&#038;ssl=1\" title=\"Pracownia Marki Krysztofiak Studio\" width=\"1080\" height=\"719\" srcset=\"https:\/\/www.krysztofiak.studio\/wp-content\/uploads\/2026\/05\/Pracownia-Marki-Krysztofiak-Studio.jpg 2500w, https:\/\/www.krysztofiak.studio\/wp-content\/uploads\/2026\/05\/Pracownia-Marki-Krysztofiak-Studio-1280x852.jpg 1280w, https:\/\/www.krysztofiak.studio\/wp-content\/uploads\/2026\/05\/Pracownia-Marki-Krysztofiak-Studio-980x652.jpg 980w, https:\/\/www.krysztofiak.studio\/wp-content\/uploads\/2026\/05\/Pracownia-Marki-Krysztofiak-Studio-480x319.jpg 480w\" sizes=\"(min-width: 0px) and (max-width: 480px) 480px, (min-width: 481px) and (max-width: 980px) 980px, (min-width: 981px) and (max-width: 1280px) 1280px, (min-width: 1281px) 2500px, 100vw\" class=\"wp-image-18795\" \/><\/span><\/div><\/div><\/div>\r\n\r\n<div class=\"et_pb_row_3 et_pb_row et_flex_row\">\r\n\r\n<div class=\"et_pb_column_4 et_pb_column et-last-child et_flex_column et_pb_css_mix_blend_mode_passthrough et_flex_column_24_24 et_flex_column_24_24_tablet et_flex_column_24_24_phone et_flex_column_24_24_phoneWide et_flex_column_24_24_tabletWide et_flex_column_24_24_widescreen et_flex_column_24_24_ultraWide\">\r\n\r\n<div class=\"et_pb_text_2 et_pb_text et_pb_bg_layout_light et_pb_module et_flex_module\"><div class=\"et_pb_text_inner\"><h2>Dobrze zarabiaj\u0105ce studio i \u017cycie na Twoich zasadach<\/h2>\n<\/div><\/div><\/div><\/div>\r\n\r\n<div class=\"et_pb_row_4 et_pb_row et_flex_row\">\r\n\r\n<div class=\"et_pb_column_5 et_pb_column et_flex_column et_pb_css_mix_blend_mode_passthrough et_flex_column_12_24 et_flex_column_12_24_tablet et_flex_column_24_24_phone et_flex_column_24_24_phoneWide et_flex_column_12_24_tabletWide et_flex_column_12_24_widescreen et_flex_column_12_24_ultraWide\">\r\n\r\n<div class=\"et_pb_text_3 et_pb_text et_pb_bg_layout_light et_pb_module et_flex_module\"><div class=\"et_pb_text_inner\"><p data-start=\"39\" data-end=\"341\">Nie wierz\u0119 w work-life balance. Praca jest cz\u0119\u015bci\u0105 naszego \u017cycia i odmawiam traktowania jej jako czego\u015b\u0107 odr\u0119bnego lub z\u0142a koniecznego. czego\u015b, co mnie drenuje, ale jest niezb\u0119dne. Wierz\u0119 natomiast, \u017ce je\u015bli b\u0119dziemy ze sob\u0105 szczere, mo\u017cemy stworzy\u0107 scenariusz, w kt\u00f3rym praca b\u0119dzie satysfakcjonuj\u0105c\u0105 cz\u0119\u015bci\u0105 \u017cycia.<\/p>\n<p data-start=\"343\" data-end=\"493\" data-is-last-node=\"\" data-is-only-node=\"\">Patrz\u0119 na oba obszary jako ca\u0142o\u015b\u0107, bo posiadanie dochodowego studia graficznego, kt\u00f3re drenuje mnie z \u017cycia i energii, nie jest dla mnie sukcesem.<\/p>\n<\/div><\/div><\/div>\r\n\r\n<div class=\"et_pb_column_6 et_pb_column et-last-child et_flex_column et_pb_css_mix_blend_mode_passthrough et_flex_column_12_24 et_flex_column_12_24_tablet et_flex_column_24_24_phone et_flex_column_24_24_phoneWide et_flex_column_12_24_tabletWide et_flex_column_12_24_widescreen et_flex_column_12_24_ultraWide\">\r\n\r\n<div class=\"et_pb_text_4 et_pb_text et_pb_bg_layout_light et_pb_module et_flex_module\"><div class=\"et_pb_text_inner\"><p>Dlatego przez ponad p\u00f3\u0142tora roku szuka\u0142am swojego przepisu i w\u0142asnego rytmu. Wymaga\u0142o to pokonania wielu barier i przekona\u0144. Dosz\u0142am jednak do momentu, w kt\u00f3rym zobaczy\u0142am, \u017ce mo\u017cliwe jest wi\u0119cej, ni\u017c mi si\u0119 wydawa\u0142o i \u017ce mo\u017cna zaprojektowa\u0107 swoje \u017cycie i prac\u0119 tak, aby ca\u0142o\u015b\u0107 dzia\u0142a\u0142a na nasz\u0105 korzy\u015b\u0107.<\/p>\n<\/div><\/div>\r\n\r\n<\/div><\/div>\r\n\r\n<div class=\"et_pb_row_5 et_pb_row et_flex_row\">\r\n\r\n<div class=\"et_pb_column_7 et_pb_column et-last-child et_flex_column et_pb_css_mix_blend_mode_passthrough et_flex_column_24_24 et_flex_column_24_24_tablet et_flex_column_24_24_phone et_flex_column_24_24_phoneWide et_flex_column_24_24_tabletWide et_flex_column_24_24_widescreen et_flex_column_24_24_ultraWide\">\r\n\r\n<div class=\"et_pb_image_1 et_pb_image et_pb_module et_flex_module\"><span class=\"et_pb_image_wrap\"><img data-recalc-dims=\"1\" loading=\"lazy\" decoding=\"async\" src=\"https:\/\/i0.wp.com\/www.krysztofiak.studio\/wp-content\/uploads\/2026\/05\/sesja-wizerunkowa-brand-design-Pani-Wozna-Poznan-2026-212-of-264-scaled.jpg?resize=1080%2C721&#038;ssl=1\" title=\"sesja wizerunkowa brand design Pani Wo\u017ana Pozna\u0144 2026 (212 of 264)\" width=\"1080\" height=\"721\" srcset=\"https:\/\/www.krysztofiak.studio\/wp-content\/uploads\/2026\/05\/sesja-wizerunkowa-brand-design-Pani-Wozna-Poznan-2026-212-of-264-scaled.jpg 2560w, https:\/\/www.krysztofiak.studio\/wp-content\/uploads\/2026\/05\/sesja-wizerunkowa-brand-design-Pani-Wozna-Poznan-2026-212-of-264-1280x855.jpg 1280w, https:\/\/www.krysztofiak.studio\/wp-content\/uploads\/2026\/05\/sesja-wizerunkowa-brand-design-Pani-Wozna-Poznan-2026-212-of-264-980x654.jpg 980w, https:\/\/www.krysztofiak.studio\/wp-content\/uploads\/2026\/05\/sesja-wizerunkowa-brand-design-Pani-Wozna-Poznan-2026-212-of-264-480x320.jpg 480w\" sizes=\"(min-width: 0px) and (max-width: 480px) 480px, (min-width: 481px) and (max-width: 980px) 980px, (min-width: 981px) and (max-width: 1280px) 1280px, (min-width: 1281px) 2560px, 100vw\" class=\"wp-image-18799\" \/><\/span><\/div>\r\n\r\n<div class=\"et_pb_row_6 et_pb_row et_pb_row_nested et_flex_row\">\r\n\r\n<div class=\"et_pb_column_8 et_pb_column et_flex_column et_pb_css_mix_blend_mode_passthrough et_flex_column_12_24 et_flex_column_12_24_tablet et_flex_column_24_24_phone et_flex_column_24_24_phoneWide et_flex_column_12_24_tabletWide et_flex_column_12_24_widescreen et_flex_column_12_24_ultraWide\">\r\n\r\n<div class=\"et_pb_text_5 et_pb_text et_pb_bg_layout_light et_pb_module et_flex_module\"><div class=\"et_pb_text_inner\"><h2>Budowanie wizji studia i \u017cycia - co dok\u0142adnie kupujesz<\/h2>\n<\/div><\/div>\r\n\r\n<div class=\"et_pb_text_6 et_pb_text et_pb_bg_layout_light et_pb_module et_flex_module\"><div class=\"et_pb_text_inner\"><p data-start=\"39\" data-end=\"341\">Inwestuj\u0105c w ten produkt <span>kupujesz dost\u0119p do materia\u0142\u00f3w z pierwszego miesi\u0105ca mojego programu mentoringowego dla projektantek. W programie pracujemy nad nimi z moim wsparciem i konsultacjami. Tutaj kupujesz sam\u0105 cz\u0119\u015b\u0107 merytoryczn\u0105: nagrania wideo i \u0107wiczenia do samodzielnej pracy.\u00a0<\/span><\/p>\n<\/div><\/div>\r\n\r\n<div class=\"et_pb_text_7 et_pb_text et_pb_bg_layout_light et_pb_module et_flex_module\"><div class=\"et_pb_text_inner\"><h2>Nad czym b\u0119dziesz pracowa\u0107?<\/h2>\n<\/div><\/div>\r\n\r\n<div class=\"et_pb_text_8 et_pb_text et_pb_bg_layout_light et_pb_module et_flex_module\"><div class=\"et_pb_text_inner\"><p data-start=\"39\" data-end=\"341\">Inwestuj\u0105c w ten produkt <span>kupujesz dost\u0119p do materia\u0142\u00f3w z pierwszego miesi\u0105ca mojego programu mentoringowego dla projektantek. W programie pracujemy nad nimi z moim wsparciem i konsultacjami. Tutaj kupujesz sam\u0105 cz\u0119\u015b\u0107 merytoryczn\u0105: nagrania wideo i \u0107wiczenia do samodzielnej pracy.\u00a0<\/span><\/p>\n<\/div><\/div>\r\n\r\n<div class=\"et_pb_text_9 et_pb_text et_pb_bg_layout_light et_pb_module et_flex_module\"><div class=\"et_pb_text_inner\"><h2>Budowanie wizji studia i \u017cycia - co dok\u0142adnie kupujesz<\/h2>\n<\/div><\/div>\r\n\r\n<div class=\"et_pb_text_10 et_pb_text et_pb_bg_layout_light et_pb_module et_flex_module\"><div class=\"et_pb_text_inner\"><p data-start=\"391\" data-end=\"540\">Najpierw uk\u0142adasz wizj\u0119 \u017cycia i zasady dzia\u0142ania studia (tak, \u017ceby praca wspiera\u0142a Twoje \u017cycie, a nie odwrotnie), a potem przek\u0142adasz to na konkrety:<\/p>\n<ul data-start=\"541\" data-end=\"700\">\n<li data-start=\"541\" data-end=\"584\">\n<p data-start=\"543\" data-end=\"584\">ile realnie masz czasu na projekty w roku<\/p>\n<\/li>\n<li data-start=\"585\" data-end=\"636\">\n<p data-start=\"587\" data-end=\"636\">ile potrzebujesz zarabia\u0107, \u017ceby studio mia\u0142o sens<\/p>\n<\/li>\n<li data-start=\"637\" data-end=\"700\">\n<p data-start=\"639\" data-end=\"700\">jak z tego wyci\u0105gn\u0105\u0107 minimalne progi cenowe i kierunek wyceny<\/p>\n<\/li>\n<\/ul>\n<\/div><\/div>\r\n\r\n<div class=\"et_pb_text_11 et_pb_text et_pb_bg_layout_light et_pb_module et_flex_module\"><div class=\"et_pb_text_inner\"><h2>Czy to dla Ciebie?<\/h2>\n<\/div><\/div>\r\n\r\n<div class=\"et_pb_text_12 et_pb_text et_pb_bg_layout_light et_pb_module et_flex_module\"><div class=\"et_pb_text_inner\"><p data-start=\"715\" data-end=\"744\">To materia\u0142 dla projektantek, kt\u00f3re chc\u0105:<\/p>\n<ul data-start=\"745\" data-end=\"876\">\n<li data-start=\"745\" data-end=\"775\">\n<p data-start=\"747\" data-end=\"775\">przesta\u0107 wycenia\u0107 \u201ena czuja\u201d<\/p>\n<\/li>\n<li data-start=\"776\" data-end=\"838\">\n<p data-start=\"778\" data-end=\"838\">podejmowa\u0107 decyzje na podstawie liczb, nie presji i por\u00f3wna\u0144<\/p>\n<\/li>\n<li data-start=\"839\" data-end=\"876\">\n<p data-start=\"841\" data-end=\"876\">zbudowa\u0107 studio jak stabilny biznes, kt\u00f3ry b\u0119dzie wspiera\u0142o to jak chc\u0105 \u017cy\u0107<\/p>\n<\/li>\n<\/ul>\n<\/div><\/div>\r\n\r\n<div class=\"et_pb_text_13 et_pb_text et_pb_bg_layout_light et_pb_module et_flex_module\"><div class=\"et_pb_text_inner\"><h2>Co znajdziesz w \u015brodku?<\/h2>\n<\/div>\r\n\r\n<div class=\"et_pb_text_14 et_pb_text et_pb_bg_layout_light et_pb_module et_flex_module\"><div class=\"et_pb_text_inner\"><p data-start=\"715\" data-end=\"744\">Materia\u0142y wideo w kt\u00f3rym omawiam kolejne etapy. Poruszam tematy praktyczne, ale te\u017c te zwi\u0105zane z mindsetem. Oba te obszary uzupe\u0142niaj\u0105 si\u0119, aby doprowadzi\u0107 Ci\u0119 do wizji tego jak Ty chcesz \u017cy\u0107 i pracowa\u0107.\u00a0<\/p>\n<p><strong>Lista temat\u00f3w:<\/strong><\/p>\n<div aria-hidden=\"true\" data-edge=\"true\">1. Wst\u0119p i mindset.<\/div>\n<div aria-hidden=\"true\" data-edge=\"true\">2. Analiza punktu zero.<\/div>\n<div aria-hidden=\"true\" data-edge=\"true\">3. Odkrywanie siebie.<\/div>\n<div aria-hidden=\"true\" data-edge=\"true\">4. Stw\u00f3rz wizj\u0119 tego jak chcesz \u017cy\u0107 i pracowa\u0107.<\/div>\n<div aria-hidden=\"true\" data-edge=\"true\">5. Pierwsza zmiana.<\/div>\n<div aria-hidden=\"true\" data-edge=\"true\">6. Wst\u0119p do wyceny.<\/div>\n<div aria-hidden=\"true\" data-edge=\"true\">7. Stawka godzinowa czy za projekt<\/div>\n<div aria-hidden=\"true\" data-edge=\"true\">8. Liczymy Twoj\u0105 stawk\u0119 w oparciu o wizj\u0119 \u017cycia i pracy.<\/div>\n<div aria-hidden=\"true\" data-edge=\"true\">9. Wycena projekt\u00f3w - pakiety i cennik.<\/div>\n<div aria-hidden=\"true\" data-edge=\"true\">10. Stabilno\u015b\u0107 finansowa w studio.<\/div>\n<\/div><\/div><\/div><\/div>\r\n\r\n<div class=\"et_pb_column_9 et_pb_column et-last-child et_flex_column et_pb_css_mix_blend_mode_passthrough et_flex_column_12_24 et_flex_column_12_24_tablet et_flex_column_24_24_phone et_flex_column_24_24_phoneWide et_flex_column_12_24_tabletWide et_flex_column_12_24_widescreen et_flex_column_12_24_ultraWide\">\r\n\r\n\r\n\r\n<\/div><\/div><\/div><\/div>\r\n\r\n<div class=\"et_pb_row_7 et_pb_row et_flex_row\">\r\n\r\n<div class=\"et_pb_column_10 et_pb_column et-last-child et_flex_column et_pb_css_mix_blend_mode_passthrough et_flex_column_24_24 et_flex_column_24_24_tablet et_flex_column_24_24_phone et_flex_column_24_24_phoneWide et_flex_column_24_24_tabletWide et_flex_column_24_24_widescreen et_flex_column_24_24_ultraWide\">\r\n\r\n<div class=\"et_pb_text_15 et_pb_text et_pb_bg_layout_light et_pb_module et_flex_module\"><div class=\"et_pb_text_inner\"><div class=\"flex flex-col text-sm pb-25\">\n<article class=\"text-token-text-primary w-full focus:outline-none [--shadow-height:45px] has-data-writing-block:pointer-events-none has-data-writing-block:-mt-(--shadow-height) has-data-writing-block:pt-(--shadow-height) [&amp;:has([data-writing-block])&gt;*]:pointer-events-auto scroll-mt-[calc(var(--header-height)+min(200px,max(70px,20svh)))]\" dir=\"auto\" data-turn-id=\"request-WEB:d78379c5-2fbb-46c0-b383-1b6b4dd68447-1\" data-testid=\"conversation-turn-4\" data-scroll-anchor=\"true\" data-turn=\"assistant\" tabindex=\"-1\">\n<div class=\"text-base my-auto mx-auto pb-10 [--thread-content-margin:--spacing(4)] @w-sm\/main:[--thread-content-margin:--spacing(6)] @w-lg\/main:[--thread-content-margin:--spacing(16)] px-(--thread-content-margin)\">\n<div class=\"[--thread-content-max-width:40rem] @w-lg\/main:[--thread-content-max-width:48rem] mx-auto max-w-(--thread-content-max-width) flex-1 group\/turn-messages focus-visible:outline-hidden relative flex w-full min-w-0 flex-col agent-turn\" tabindex=\"-1\">\n<div class=\"flex max-w-full flex-col grow\">\n<div class=\"min-h-8 text-message relative flex w-full flex-col items-end gap-2 text-start break-words whitespace-normal [.text-message+&amp;]:mt-1\" dir=\"auto\" data-message-author-role=\"assistant\" data-message-id=\"d1497237-2dee-48c4-98e9-f9b1d02f2553\" data-message-model-slug=\"gpt-5-2-thinking\">\n<div class=\"flex w-full flex-col gap-1 empty:hidden first:pt-[1px]\">\n<div class=\"markdown prose dark:prose-invert w-full wrap-break-word light markdown-new-styling\">\n<p data-start=\"1126\" data-end=\"1135\"><strong>Wa\u017cne<\/strong><\/p>\n<p data-start=\"1136\" data-end=\"1363\">To<span>\u00a0<\/span><strong data-start=\"1139\" data-end=\"1151\">nie jest<\/strong><span>\u00a0<\/span>pe\u0142ny mentoring.<br data-start=\"1168\" data-end=\"1171\" \/>W tym produkcie<span>\u00a0<\/span><strong data-start=\"1187\" data-end=\"1197\">nie ma<\/strong>: konsultacji, analizy Twojej sytuacji, feedbacku do oblicze\u0144 ani mojej opieki w trakcie wdra\u017cania. Kupujesz dost\u0119p na 12 miesi\u0119cy, do materia\u0142\u00f3w z jego pierwszej cz\u0119\u015bci programu, w wersji do samodzielnej pracy.<\/p>\n<\/div>\n<\/div>\n<\/div>\n<\/div>\n<\/div>\n<\/div>\n<\/article>\n<\/div>\n<\/div><\/div><\/div><\/div><\/div>","protected":false},"excerpt":{"rendered":"","protected":false},"featured_media":17785,"comment_status":"open","ping_status":"closed","template":"","meta":[],"product_brand":[],"product_cat":[121,276],"product_tag":[],"class_list":{"0":"post-16110","1":"product","2":"type-product","3":"status-publish","4":"has-post-thumbnail","6":"product_cat-e-kurs","7":"product_cat-projektantki","9":"first","10":"instock","11":"downloadable","12":"virtual","13":"taxable","14":"purchasable","15":"product-type-simple"},"_links":{"self":[{"href":"https:\/\/www.krysztofiak.studio\/pl\/wp-json\/wp\/v2\/product\/16110","targetHints":{"allow":["GET"]}}],"collection":[{"href":"https:\/\/www.krysztofiak.studio\/pl\/wp-json\/wp\/v2\/product"}],"about":[{"href":"https:\/\/www.krysztofiak.studio\/pl\/wp-json\/wp\/v2\/types\/product"}],"replies":[{"embeddable":true,"href":"https:\/\/www.krysztofiak.studio\/pl\/wp-json\/wp\/v2\/comments?post=16110"}],"wp:featuredmedia":[{"embeddable":true,"href":"https:\/\/www.krysztofiak.studio\/pl\/wp-json\/wp\/v2\/media\/17785"}],"wp:attachment":[{"href":"https:\/\/www.krysztofiak.studio\/pl\/wp-json\/wp\/v2\/media?parent=16110"}],"wp:term":[{"taxonomy":"product_brand","embeddable":true,"href":"https:\/\/www.krysztofiak.studio\/pl\/wp-json\/wp\/v2\/product_brand?post=16110"},{"taxonomy":"product_cat","embeddable":true,"href":"https:\/\/www.krysztofiak.studio\/pl\/wp-json\/wp\/v2\/product_cat?post=16110"},{"taxonomy":"product_tag","embeddable":true,"href":"https:\/\/www.krysztofiak.studio\/pl\/wp-json\/wp\/v2\/product_tag?post=16110"}],"curies":[{"name":"wp","href":"https:\/\/api.w.org\/{rel}","templated":true}]}}