{"id":18810,"date":"2026-05-06T15:02:14","date_gmt":"2026-05-06T13:02:14","guid":{"rendered":"https:\/\/www.krysztofiak.studio\/?post_type=product&#038;p=18810"},"modified":"2026-05-06T16:00:14","modified_gmt":"2026-05-06T14:00:14","slug":"konsultacje-dla-projektantek","status":"publish","type":"product","link":"https:\/\/www.krysztofiak.studio\/pl\/produkt\/konsultacje-dla-projektantek\/","title":{"rendered":"Konsultacje dla Projektantek"},"content":{"rendered":"\r\n\r\n<div class=\"et_pb_section_0 et_pb_section et_section_regular et_flex_section\">\r\n\r\n<div class=\"et_pb_row_0 et_pb_row et_flex_row\">\r\n\r\n<div class=\"et_pb_column_0 et_pb_column et-last-child et_flex_column et_pb_css_mix_blend_mode_passthrough et_flex_column_24_24 et_flex_column_24_24_tablet et_flex_column_24_24_phone et_flex_column_24_24_phoneWide et_flex_column_24_24_tabletWide et_flex_column_24_24_widescreen et_flex_column_24_24_ultraWide\">\r\n\r\n<div class=\"et_pb_text_0 et_pb_text et_pb_bg_layout_light et_pb_module et_flex_module\"><div class=\"et_pb_text_inner\"><p style=\"text-align: center;\">ROZW\u00d3J STUDIA GRAFICZNEGO<\/p>\n<\/div><\/div>\r\n\r\n<div class=\"et_pb_wc_title_0 et_pb_wc_title et_pb_bg_layout_light et_pb_module\"><div class=\"et_pb_module_inner\">\n\t\t<h1>Konsultacje dla Projektantek<\/h1><\/div><\/div>\r\n\r\n<div class=\"et_pb_wc_cart_notice_0 et_pb_wc_cart_notice et_pb_fields_layout_default et_pb_module\"><div class=\"et_pb_module_inner\">\n\t<div class=\"woocommerce-message\" role=\"alert\">\n\t\t&ldquo;Product Name&rdquo; has been added to cart.\t<\/div>\n<\/div><\/div><\/div><\/div><\/div>\r\n\r\n<div class=\"et_pb_section_1 et_pb_section et_section_regular et_flex_section\">\r\n\r\n<div class=\"et_pb_row_1 et_pb_row et_flex_row\">\r\n\r\n<div class=\"et_pb_column_1 et_pb_column et_flex_column et_pb_css_mix_blend_mode_passthrough et_flex_column_16_24 et_flex_column_16_24_tablet et_flex_column_24_24_phone et_flex_column_24_24_phoneWide et_flex_column_16_24_tabletWide et_flex_column_16_24_widescreen et_flex_column_16_24_ultraWide\">\r\n\r\n<div class=\"et_pb_text_1 et_pb_text et_pb_bg_layout_light et_pb_module et_flex_module\"><div class=\"et_pb_text_inner\"><p><strong>Spotkanie dla 1:1 Projektantek, Brand Designerek i Projektantek stron. Mo\u017cemy om\u00f3wi\u0107 konkretny obszar swojego studia: ofert\u0119, spos\u00f3b wyceny, komunikacj\u0119, portfolio, proces pracy z klientem, pomys\u0142 na dalszy rozw\u00f3j, mindset albo trudno\u015bci z kt\u00f3rymi si\u0119 akurat mierzysz.<\/strong><\/p>\n<p>Podczas konsultacji patrzymy na Twoj\u0105 sytuacj\u0119 i szukamy rozwi\u0105za\u0144, kt\u00f3re maj\u0105 sens w Twoim modelu pracy, przy Twoim do\u015bwiadczeniu, klientach i celach. Jedno spotkanie trwa 75 minut i odbywa si\u0119 online za pomoc\u0105 Google Meets.<\/p>\n<\/div><\/div><\/div>\r\n\r\n<div class=\"et_pb_column_2 et_pb_column et-last-child et_flex_column et_pb_css_mix_blend_mode_passthrough et_flex_column_8_24 et_flex_column_8_24_tablet et_flex_column_24_24_phone et_flex_column_24_24_phoneWide et_flex_column_8_24_tabletWide et_flex_column_8_24_widescreen et_flex_column_8_24_ultraWide\">\r\n\r\n<\/div><\/div>\r\n\r\n<div class=\"et_pb_row_2 et_pb_row et_flex_row\">\r\n\r\n<div class=\"et_pb_column_3 et_pb_column et-last-child et_flex_column et_pb_css_mix_blend_mode_passthrough et_flex_column_24_24 et_flex_column_24_24_tablet et_flex_column_24_24_phone et_flex_column_24_24_phoneWide et_flex_column_24_24_tabletWide et_flex_column_24_24_widescreen et_flex_column_24_24_ultraWide\">\r\n\r\n<div class=\"et_pb_image_0 et_pb_image et_pb_module et_flex_module\"><span class=\"et_pb_image_wrap\"><img data-recalc-dims=\"1\" loading=\"lazy\" decoding=\"async\" src=\"https:\/\/i0.wp.com\/www.krysztofiak.studio\/wp-content\/uploads\/2026\/04\/sesja-wizerunkowa-brand-design-Pani-Wozna-Poznan-2026-132-of-264.webp?resize=1080%2C721&#038;ssl=1\" title=\"sesja wizerunkowa brand design Pani Wo\u017ana Pozna\u0144 2026 (132 of 264)\" width=\"1080\" height=\"721\" srcset=\"https:\/\/www.krysztofiak.studio\/wp-content\/uploads\/2026\/04\/sesja-wizerunkowa-brand-design-Pani-Wozna-Poznan-2026-132-of-264.webp 2048w, https:\/\/www.krysztofiak.studio\/wp-content\/uploads\/2026\/04\/sesja-wizerunkowa-brand-design-Pani-Wozna-Poznan-2026-132-of-264-1280x854.webp 1280w, https:\/\/www.krysztofiak.studio\/wp-content\/uploads\/2026\/04\/sesja-wizerunkowa-brand-design-Pani-Wozna-Poznan-2026-132-of-264-980x654.webp 980w, https:\/\/www.krysztofiak.studio\/wp-content\/uploads\/2026\/04\/sesja-wizerunkowa-brand-design-Pani-Wozna-Poznan-2026-132-of-264-480x320.webp 480w\" sizes=\"(min-width: 0px) and (max-width: 480px) 480px, (min-width: 481px) and (max-width: 980px) 980px, (min-width: 981px) and (max-width: 1280px) 1280px, (min-width: 1281px) 2048px, 100vw\" class=\"wp-image-17789\" \/><\/span><\/div><\/div><\/div><\/div>","protected":false},"excerpt":{"rendered":"","protected":false},"featured_media":17115,"comment_status":"open","ping_status":"closed","template":"","meta":[],"product_brand":[],"product_cat":[277,276],"product_tag":[],"class_list":{"0":"post-18810","1":"product","2":"type-product","3":"status-publish","4":"has-post-thumbnail","6":"product_cat-konsultacje","7":"product_cat-projektantki","9":"first","10":"instock","11":"taxable","12":"shipping-taxable","13":"purchasable","14":"product-type-variable"},"_links":{"self":[{"href":"https:\/\/www.krysztofiak.studio\/pl\/wp-json\/wp\/v2\/product\/18810","targetHints":{"allow":["GET"]}}],"collection":[{"href":"https:\/\/www.krysztofiak.studio\/pl\/wp-json\/wp\/v2\/product"}],"about":[{"href":"https:\/\/www.krysztofiak.studio\/pl\/wp-json\/wp\/v2\/types\/product"}],"replies":[{"embeddable":true,"href":"https:\/\/www.krysztofiak.studio\/pl\/wp-json\/wp\/v2\/comments?post=18810"}],"wp:featuredmedia":[{"embeddable":true,"href":"https:\/\/www.krysztofiak.studio\/pl\/wp-json\/wp\/v2\/media\/17115"}],"wp:attachment":[{"href":"https:\/\/www.krysztofiak.studio\/pl\/wp-json\/wp\/v2\/media?parent=18810"}],"wp:term":[{"taxonomy":"product_brand","embeddable":true,"href":"https:\/\/www.krysztofiak.studio\/pl\/wp-json\/wp\/v2\/product_brand?post=18810"},{"taxonomy":"product_cat","embeddable":true,"href":"https:\/\/www.krysztofiak.studio\/pl\/wp-json\/wp\/v2\/product_cat?post=18810"},{"taxonomy":"product_tag","embeddable":true,"href":"https:\/\/www.krysztofiak.studio\/pl\/wp-json\/wp\/v2\/product_tag?post=18810"}],"curies":[{"name":"wp","href":"https:\/\/api.w.org\/{rel}","templated":true}]}}