{"id":18835,"date":"2026-05-07T10:39:51","date_gmt":"2026-05-07T08:39:51","guid":{"rendered":"https:\/\/www.krysztofiak.studio\/?post_type=product&#038;p=18835"},"modified":"2026-05-07T11:40:07","modified_gmt":"2026-05-07T09:40:07","slug":"pakiet-formularzy-brief-test-osobowosci-marki-ankieta-po-wspolpracy","status":"publish","type":"product","link":"https:\/\/www.krysztofiak.studio\/pl\/produkt\/pakiet-formularzy-brief-test-osobowosci-marki-ankieta-po-wspolpracy\/","title":{"rendered":"Pakiet formularzy: Brief \u2013 Test Osobowo\u015bci Marki \u2013 Ankieta po Wsp\u00f3\u0142pracy"},"content":{"rendered":"\r\n\r\n<div class=\"et_pb_section_0 et_pb_section et_section_regular et_flex_section\">\r\n\r\n<div class=\"et_pb_row_0 et_pb_row et_flex_row\">\r\n\r\n<div class=\"et_pb_column_0 et_pb_column et-last-child et_flex_column et_pb_css_mix_blend_mode_passthrough et_flex_column_24_24 et_flex_column_24_24_tablet et_flex_column_24_24_phone et_flex_column_24_24_phoneWide et_flex_column_24_24_tabletWide et_flex_column_24_24_widescreen et_flex_column_24_24_ultraWide\">\r\n\r\n<div class=\"et_pb_text_0 et_pb_text et_pb_bg_layout_light et_pb_module et_flex_module\"><div class=\"et_pb_text_inner\"><p style=\"text-align: center;\">ROZW\u00d3J STUDIA GRAFICZNEGO<\/p>\n<\/div><\/div>\r\n\r\n<div class=\"et_pb_wc_title_0 et_pb_wc_title et_pb_bg_layout_light et_pb_module\"><div class=\"et_pb_module_inner\">\n\t\t<h1>Pakiet formularzy: Brief \u2013 Test Osobowo\u015bci Marki \u2013 Ankieta po Wsp\u00f3\u0142pracy<\/h1><\/div><\/div>\r\n\r\n<div class=\"et_pb_wc_cart_notice_0 et_pb_wc_cart_notice et_pb_fields_layout_default et_pb_module\"><div class=\"et_pb_module_inner\">\n\t<div class=\"woocommerce-message\" role=\"alert\">\n\t\t&ldquo;Product Name&rdquo; has been added to cart.\t<\/div>\n<\/div><\/div><\/div><\/div><\/div>\r\n\r\n<div class=\"et_pb_section_1 et_pb_section et_section_regular et_flex_section\">\r\n\r\n<div class=\"et_pb_row_1 et_pb_row et_flex_row\">\r\n\r\n<div class=\"et_pb_column_1 et_pb_column et_flex_column et_pb_css_mix_blend_mode_passthrough et_flex_column_16_24 et_flex_column_16_24_tablet et_flex_column_24_24_phone et_flex_column_24_24_phoneWide et_flex_column_16_24_tabletWide et_flex_column_16_24_widescreen et_flex_column_16_24_ultraWide\">\r\n\r\n<div class=\"et_pb_text_1 et_pb_text et_pb_bg_layout_light et_pb_module et_flex_module\"><div class=\"et_pb_text_inner\"><p class=\"isSelectedEnd\"><span>Przez lata pracy nad projektami to\u017csamo\u015bci wizualnej stworzy\u0142am w\u0142asny system formularzy, kt\u00f3ry pomaga mi lepiej poznawa\u0107 marki klient\u00f3w, prowadzi\u0107 proces wsp\u00f3\u0142pracy i zbiera\u0107 informacje potrzebne do stworzenia sp\u00f3jnej wizualnej to\u017csamo\u015bci marki.<\/span><\/p>\n<p><span>W \u015brodku znajdziesz gotowe formularze Google, kt\u00f3rych u\u017cywam w Studio przygotowane do skopiowania, edycji i wdro\u017cenia we w\u0142asnym procesie pracy.<\/span><\/p>\n<h2><span>Co znajdziesz w \u015brodku?<\/span><\/h2>\n<p><span>\u2013 Brief klienta brandingowego<br \/>\u2013 Test osobowo\u015bci marki<br \/>\u2013 Ankiet\u0119 po wsp\u00f3\u0142pracy<br \/>\u2013 Linki umo\u017cliwiaj\u0105ce natychmiastowe skopiowanie formularzy Google<br \/>\u2013 Kr\u00f3tk\u0105 instrukcj\u0119 wdro\u017cenia i konfiguracji<\/span><span><\/span><span><\/span><span><\/span><span><\/span><\/p>\n<p><span>Ka\u017cdy formularz mo\u017cesz dowolnie edytowa\u0107 i dostosowa\u0107 do w\u0142asnego sposobu pracy, oferty oraz komunikacji z klientem.<\/span><\/p>\n<\/div><\/div><\/div>\r\n\r\n<div class=\"et_pb_column_2 et_pb_column et-last-child et_flex_column et_pb_css_mix_blend_mode_passthrough et_flex_column_8_24 et_flex_column_8_24_tablet et_flex_column_24_24_phone et_flex_column_24_24_phoneWide et_flex_column_8_24_tabletWide et_flex_column_8_24_widescreen et_flex_column_8_24_ultraWide\">\r\n\r\n\r\n\r\n<\/div><\/div>\r\n\r\n<div class=\"et_pb_row_2 et_pb_row et_flex_row\">\r\n\r\n<div class=\"et_pb_column_3 et_pb_column et-last-child et_flex_column et_pb_css_mix_blend_mode_passthrough et_flex_column_24_24 et_flex_column_24_24_tablet et_flex_column_24_24_phone et_flex_column_24_24_phoneWide et_flex_column_24_24_tabletWide et_flex_column_24_24_widescreen et_flex_column_24_24_ultraWide\">\r\n\r\n<div class=\"et_pb_image_0 et_pb_image et_pb_module et_flex_module\"><span class=\"et_pb_image_wrap\"><img data-recalc-dims=\"1\" loading=\"lazy\" decoding=\"async\" src=\"https:\/\/i0.wp.com\/www.krysztofiak.studio\/wp-content\/uploads\/2026\/05\/Brief-tozsamosc-wizualna.jpg?resize=1080%2C864&#038;ssl=1\" title=\"Brief to\u017csamo\u015b\u0107 wizualna\" width=\"1080\" height=\"864\" srcset=\"https:\/\/www.krysztofiak.studio\/wp-content\/uploads\/2026\/05\/Brief-tozsamosc-wizualna.jpg 2500w, https:\/\/www.krysztofiak.studio\/wp-content\/uploads\/2026\/05\/Brief-tozsamosc-wizualna-1280x1024.jpg 1280w, https:\/\/www.krysztofiak.studio\/wp-content\/uploads\/2026\/05\/Brief-tozsamosc-wizualna-980x784.jpg 980w, https:\/\/www.krysztofiak.studio\/wp-content\/uploads\/2026\/05\/Brief-tozsamosc-wizualna-480x384.jpg 480w\" sizes=\"(min-width: 0px) and (max-width: 480px) 480px, (min-width: 481px) and (max-width: 980px) 980px, (min-width: 981px) and (max-width: 1280px) 1280px, (min-width: 1281px) 2500px, 100vw\" class=\"wp-image-18837\" \/><\/span><\/div><\/div><\/div>\r\n\r\n<div class=\"et_pb_row_3 et_pb_row et_flex_row\">\r\n\r\n<div class=\"et_pb_column_4 et_pb_column et-last-child et_flex_column et_pb_css_mix_blend_mode_passthrough et_flex_column_24_24 et_flex_column_24_24_tablet et_flex_column_24_24_phone et_flex_column_24_24_phoneWide et_flex_column_24_24_tabletWide et_flex_column_24_24_widescreen et_flex_column_24_24_ultraWide\">\r\n\r\n<div class=\"et_pb_text_2 et_pb_text et_pb_bg_layout_light et_pb_module et_flex_module\"><\/div><\/div><\/div>\r\n\r\n<div class=\"et_pb_row_4 et_pb_row et_flex_row\">\r\n\r\n<div class=\"et_pb_column_5 et_pb_column et_flex_column et_pb_css_mix_blend_mode_passthrough et_flex_column_12_24 et_flex_column_12_24_tablet et_flex_column_24_24_phone et_flex_column_24_24_phoneWide et_flex_column_12_24_tabletWide et_flex_column_12_24_widescreen et_flex_column_12_24_ultraWide\">\r\n\r\n<div class=\"et_pb_text_3 et_pb_text et_pb_bg_layout_light et_pb_module et_flex_module\"><div class=\"et_pb_text_inner\"><h2>1 z 3: Brief To\u017camo\u015bci Wizualnej<\/h2>\n<p class=\"isSelectedEnd\"><span>Rozbudowany formularz podzielony na 9 sekcji, kt\u00f3ry pomaga zebra\u0107 i uporz\u0105dkowa\u0107 wszystkie najwa\u017cniejsze informacje potrzebne do rozpocz\u0119cia pracy nad wizualn\u0105 to\u017csamo\u015bci\u0105 marki.<\/span><\/p>\n<p><span>W \u015brodku znajduj\u0105 si\u0119 sekcje dotycz\u0105ce:<\/span><br \/><span>\u2013 danych klienta,<\/span><br \/><span>\u2013 publikacji projektu i opinii,<\/span><br \/><span>\u2013 marki i oferty,<\/span><br \/><span>\u2013 kontekstu projektu,<\/span><br \/><span>\u2013 osobistych preferencji i inspiracji,<\/span><br \/><span>\u2013 osobistych wyr\u00f3\u017cnik\u00f3w,<\/span><br \/><span>\u2013 misji marki,<\/span><br \/><span>\u2013 klienta idealnego,<\/span><br \/><span>\u2013 konkurencji.<\/span><\/p>\n<p class=\"isSelectedEnd\"><span>Brief zosta\u0142 zaprojektowany tak, aby w jednym miejscu zebra\u0107 zar\u00f3wno strategiczne informacje dotycz\u0105ce marki, jak i bardziej osobiste aspekty pomagaj\u0105ce lepiej zrozumie\u0107 klienta, jego spos\u00f3b my\u015blenia oraz kierunek, w kt\u00f3rym chce rozwija\u0107 swoj\u0105 mark\u0119.<\/span><\/p>\n<p><span>To formularz, do kt\u00f3rego bardzo cz\u0119sto wracam r\u00f3wnie\u017c w trakcie dalszej pracy nad projektem, szczeg\u00f3lnie podczas budowania kierunku kreatywnego, podejmowania decyzji wizualnych i tworzenia sp\u00f3jnego do\u015bwiadczenia marki.<\/span><\/p>\n<\/div><\/div><\/div>\r\n\r\n<div class=\"et_pb_column_6 et_pb_column et-last-child et_flex_column et_pb_css_mix_blend_mode_passthrough et_flex_column_12_24 et_flex_column_12_24_tablet et_flex_column_24_24_phone et_flex_column_24_24_phoneWide et_flex_column_12_24_tabletWide et_flex_column_12_24_widescreen et_flex_column_12_24_ultraWide\">\r\n\r\n<div class=\"et_pb_text_4 et_pb_text et_pb_bg_layout_light et_pb_module et_flex_module\"><div class=\"et_pb_text_inner\"><h2>2 z 3: Test osobowo\u015bci marki\u00a0<\/h2>\n<p class=\"isSelectedEnd\">Formularz pomagaj\u0105cy lepiej zrozumie\u0107 charakter marki, jej spos\u00f3b komunikacji oraz klimat, kt\u00f3ry ma budowa\u0107. Pozwala spojrze\u0107 na mark\u0119 szerzej ni\u017c tylko przez pryzmat estetyki i cz\u0119sto pomaga klientom nazwa\u0107 rzeczy, kt\u00f3rych wcze\u015bniej nie potrafili dobrze okre\u015bli\u0107.<\/p>\n<\/div><\/div>\r\n\r\n<div class=\"et_pb_text_5 et_pb_text et_pb_bg_layout_light et_pb_module et_flex_module\"><div class=\"et_pb_text_inner\"><h2>3 z 3: Ankieta po wsp\u00f3\u0142pracy\u00a0<\/h2>\n<p class=\"isSelectedEnd\">Formularz wysy\u0142any po zako\u0144czeniu projektu. Pomaga zbiera\u0107 feedback, opinie klient\u00f3w oraz lepiej zrozumie\u0107 ich do\u015bwiadczenia zwi\u0105zane ze wsp\u00f3\u0142prac\u0105. To r\u00f3wnie\u017c bardzo dobre \u017ar\u00f3d\u0142o insight\u00f3w, kt\u00f3re mo\u017cna p\u00f3\u017aniej wykorzysta\u0107 w komunikacji marki i referencjach.<\/p>\n<\/div><\/div>\r\n\r\n\r\n\r\n<\/div><\/div>\r\n\r\n<div class=\"et_pb_row_5 et_pb_row et_flex_row\">\r\n\r\n<div class=\"et_pb_column_7 et_pb_column et_flex_column et_pb_css_mix_blend_mode_passthrough et_flex_column_12_24 et_flex_column_12_24_tablet et_flex_column_24_24_phone et_flex_column_24_24_phoneWide et_flex_column_12_24_tabletWide et_flex_column_12_24_widescreen et_flex_column_12_24_ultraWide\">\r\n\r\n<div class=\"et_pb_text_6 et_pb_text et_pb_bg_layout_light et_pb_module et_flex_module\"><div class=\"et_pb_text_inner\"><h2>Dlaczego formularze Google?<\/h2>\n<p>Od pocz\u0105tku zale\u017ca\u0142o mi na stworzeniu rozwi\u0105zania, kt\u00f3re b\u0119dzie bardzo szybkie do wdro\u017cenia i realnie przydatne w codziennej pracy. Dlatego zamiast PDF\u00f3w do r\u0119cznego przepisywania otrzymujesz gotowe formularze Google przygotowane do skopiowania na w\u0142asne konto.<\/p>\n<p>Dzi\u0119ki temu mo\u017cesz zacz\u0105\u0107 korzysta\u0107 z nich praktycznie od razu \u2014 bez budowania formularzy od zera, przepisywania pyta\u0144 czy konfigurowania ca\u0142ego procesu samodzielnie.<\/p>\n<p>Kupuj\u0105c pakiet otrzymujesz nie tylko wgl\u0105d w cz\u0119\u015b\u0107 procesu pracy mojego Studio, ale przede wszystkim gotowe rozwi\u0105zanie, kt\u00f3re pozwoli Ci zaoszcz\u0119dzi\u0107 du\u017c\u0105 ilo\u015b\u0107 czasu i szybciej uporz\u0105dkowa\u0107 w\u0142asny proces wsp\u00f3\u0142pracy z klientami.<\/p>\n<\/div><\/div>\r\n\r\n\r\n\r\n<\/div>\r\n\r\n<div class=\"et_pb_column_8 et_pb_column et-last-child et_flex_column et_pb_css_mix_blend_mode_passthrough et_flex_column_12_24 et_flex_column_12_24_tablet et_flex_column_24_24_phone et_flex_column_24_24_phoneWide et_flex_column_12_24_tabletWide et_flex_column_12_24_widescreen et_flex_column_12_24_ultraWide\">\r\n\r\n<div class=\"et_pb_image_1 et_pb_image et_pb_module et_flex_module\"><span class=\"et_pb_image_wrap\"><img data-recalc-dims=\"1\" loading=\"lazy\" decoding=\"async\" src=\"https:\/\/i0.wp.com\/www.krysztofiak.studio\/wp-content\/uploads\/2026\/05\/Brief-tozsamosc-wizualna-marki.jpg?resize=1080%2C1080&#038;ssl=1\" title=\"Brief to\u017csamo\u015b\u0107 wizualna marki\" width=\"1080\" height=\"1080\" srcset=\"https:\/\/www.krysztofiak.studio\/wp-content\/uploads\/2026\/05\/Brief-tozsamosc-wizualna-marki.jpg 1800w, https:\/\/www.krysztofiak.studio\/wp-content\/uploads\/2026\/05\/Brief-tozsamosc-wizualna-marki-1280x1280.jpg 1280w, https:\/\/www.krysztofiak.studio\/wp-content\/uploads\/2026\/05\/Brief-tozsamosc-wizualna-marki-980x980.jpg 980w, https:\/\/www.krysztofiak.studio\/wp-content\/uploads\/2026\/05\/Brief-tozsamosc-wizualna-marki-480x480.jpg 480w\" sizes=\"(min-width: 0px) and (max-width: 480px) 480px, (min-width: 481px) and (max-width: 980px) 980px, (min-width: 981px) and (max-width: 1280px) 1280px, (min-width: 1281px) 1800px, 100vw\" class=\"wp-image-18838\" \/><\/span><\/div><\/div><\/div><\/div>","protected":false},"excerpt":{"rendered":"","protected":false},"featured_media":18839,"comment_status":"open","ping_status":"closed","template":"","meta":[],"product_brand":[],"product_cat":[276],"product_tag":[],"class_list":{"0":"post-18835","1":"product","2":"type-product","3":"status-publish","4":"has-post-thumbnail","6":"product_cat-projektantki","8":"first","9":"instock","10":"downloadable","11":"virtual","12":"taxable","13":"purchasable","14":"product-type-simple"},"_links":{"self":[{"href":"https:\/\/www.krysztofiak.studio\/pl\/wp-json\/wp\/v2\/product\/18835","targetHints":{"allow":["GET"]}}],"collection":[{"href":"https:\/\/www.krysztofiak.studio\/pl\/wp-json\/wp\/v2\/product"}],"about":[{"href":"https:\/\/www.krysztofiak.studio\/pl\/wp-json\/wp\/v2\/types\/product"}],"replies":[{"embeddable":true,"href":"https:\/\/www.krysztofiak.studio\/pl\/wp-json\/wp\/v2\/comments?post=18835"}],"wp:featuredmedia":[{"embeddable":true,"href":"https:\/\/www.krysztofiak.studio\/pl\/wp-json\/wp\/v2\/media\/18839"}],"wp:attachment":[{"href":"https:\/\/www.krysztofiak.studio\/pl\/wp-json\/wp\/v2\/media?parent=18835"}],"wp:term":[{"taxonomy":"product_brand","embeddable":true,"href":"https:\/\/www.krysztofiak.studio\/pl\/wp-json\/wp\/v2\/product_brand?post=18835"},{"taxonomy":"product_cat","embeddable":true,"href":"https:\/\/www.krysztofiak.studio\/pl\/wp-json\/wp\/v2\/product_cat?post=18835"},{"taxonomy":"product_tag","embeddable":true,"href":"https:\/\/www.krysztofiak.studio\/pl\/wp-json\/wp\/v2\/product_tag?post=18835"}],"curies":[{"name":"wp","href":"https:\/\/api.w.org\/{rel}","templated":true}]}}